{"id":8206,"date":"2020-03-26T16:41:59","date_gmt":"2020-03-26T14:41:59","guid":{"rendered":"https:\/\/alparlukacsi.ro\/?page_id=8206"},"modified":"2022-05-09T14:04:49","modified_gmt":"2022-05-09T12:04:49","slug":"intrebari","status":"publish","type":"page","link":"https:\/\/alparlukacsi.com\/ro\/intrebari\/","title":{"rendered":"Informa\u021bii utile"},"content":{"rendered":"<p>[vc_row][vc_column offset=&#8221;vc_hidden-lg vc_hidden-md vc_hidden-sm vc_hidden-xs&#8221;]<div class=\"eltdf-section-title-holder  eltdf-st-standard eltdf-st-with-dots \" style=\"text-align: left\">\n\t<div class=\"eltdf-st-inner\">\n        <div class=\"eltdf-st-image\" >\n                    <\/div>\n\t\t\t\t\t\t\t<span class=\"eltdf-st-text\" style=\"color: #391e08\">\n\t\t\t\tExist\u0103 unele \u00eentreb\u0103ri pe care aproape toat\u0103 lumea m\u0103 \u00eentreab\u0103 \u00eenainte sau dup\u0103 nunt\u0103. A\u0219a c\u0103 \u021bi-am f\u0103cut o list\u0103 cu \u00eentreb\u0103rile \u0219i r\u0103spunsurile lor pentru a fi mai u\u0219or pentru tine.\t\t\t<\/span>\n\t\t\t<\/div>\n<\/div><div class=\"eltdf-ss-holder eltdf-ss-image-left \">\n\t\t<div class=\"eltdf-ss-content\" >\n\t\t\t\t\t\t\t<\/div>\n<\/div><div class=\"eltdf-accordion-holder eltdf-ac-default faq-container eltdf-toggle eltdf-ac-boxed eltdf-white-skin clearfix\">\n\t<h3 class=\"eltdf-accordion-title\">\n    <span class=\"eltdf-accordion-mark\">\n\t\t<span class=\"eltdf_icon_plus icon_plus\"><\/span>\n\t\t<span class=\"eltdf_icon_minus icon_minus-06\"><\/span>\n\t<\/span>\n\t<span class=\"eltdf-tab-title\">Vii singur la eveniment?<\/span>\n<\/h3>\n<div class=\"eltdf-accordion-content\">\n\t<div class=\"eltdf-accordion-content-inner\">\n\t\t[vc_column_text]<\/p>\n<p>Nu, \u00eentotdeauna vin cu un al doilea fotograf. De ce doi? Pentru c\u0103 vrem s\u0103 ne asigur\u0103m c\u0103 fiecare moment este capturat. Vrem s\u0103 v\u0103 oferim un eveniment bine documentat \u0219i pentru asta avem nevoie de 4 ochi, unghiuri diferite \/ pozi\u021bii \u0219i dou\u0103 creiere. Desigur, de cele mai multe ori la preg\u0103tirile suntem separat, unul dintre noi la mireas\u0103, cel\u0103lalt la mire.<\/p>\n<p>[\/vc_column_text]\t<\/div>\n<\/div><\/div><div class=\"eltdf-accordion-holder eltdf-ac-default faq-container eltdf-toggle eltdf-ac-boxed eltdf-white-skin clearfix\">\n\t<h3 class=\"eltdf-accordion-title\">\n    <span class=\"eltdf-accordion-mark\">\n\t\t<span class=\"eltdf_icon_plus icon_plus\"><\/span>\n\t\t<span class=\"eltdf_icon_minus icon_minus-06\"><\/span>\n\t<\/span>\n\t<span class=\"eltdf-tab-title\">C\u00e2te fotografii vei face la o nunt\u0103?<\/span>\n<\/h3>\n<div class=\"eltdf-accordion-content\">\n\t<div class=\"eltdf-accordion-content-inner\">\n\t\t[vc_column_text]Chiar nu \u0219tiu, am f\u0103cut \u00eentotdeauna c\u00e2t mai multe posibile pentru a captura fiecare parte a evenimentului. Depinde cum \u00ee\u021bi organizezi nunta, c\u00e2te programe ai, c\u00e2\u021bi invita\u021bi, ce fel de petrecere etc. [\/vc_column_text]\t<\/div>\n<\/div><\/div><div class=\"eltdf-accordion-holder eltdf-ac-default faq-container eltdf-toggle eltdf-ac-boxed eltdf-white-skin clearfix\">\n\t<h3 class=\"eltdf-accordion-title\">\n    <span class=\"eltdf-accordion-mark\">\n\t\t<span class=\"eltdf_icon_plus icon_plus\"><\/span>\n\t\t<span class=\"eltdf_icon_minus icon_minus-06\"><\/span>\n\t<\/span>\n\t<span class=\"eltdf-tab-title\">Vor fi toate fotografiile editate?<\/span>\n<\/h3>\n<div class=\"eltdf-accordion-content\">\n\t<div class=\"eltdf-accordion-content-inner\">\n\t\t[vc_column_text]<\/p>\n<p>Da, vor fi. Dup\u0103 o selec\u021bie unde \u0219terg toate cadrele nereu\u0219ite, \u00eencep \u0219i le editez unul c\u00e2te unul, corect\u00e2nd, de exemplu, balansul de alb, expunerea, contrastul dup\u0103 viziunea mea.<\/p>\n<p>[\/vc_column_text]\t<\/div>\n<\/div><\/div><div class=\"eltdf-accordion-holder eltdf-ac-default faq-container eltdf-toggle eltdf-ac-boxed eltdf-white-skin clearfix\">\n\t<h3 class=\"eltdf-accordion-title\">\n    <span class=\"eltdf-accordion-mark\">\n\t\t<span class=\"eltdf_icon_plus icon_plus\"><\/span>\n\t\t<span class=\"eltdf_icon_minus icon_minus-06\"><\/span>\n\t<\/span>\n\t<span class=\"eltdf-tab-title\">C\u00e2nd vom primi fotografiile?<\/span>\n<\/h3>\n<div class=\"eltdf-accordion-content\">\n\t<div class=\"eltdf-accordion-content-inner\">\n\t\t[vc_column_text]<\/p>\n<p>De \u00eendat\u0103 ce am terminat de editat. De obicei acest lucru este de aproximativ 4-5 s\u0103pt\u0103m\u00e2ni dup\u0103 nunt\u0103. De asemenea, depinde de c\u00e2t de ocupat este programul \u00een acea perioad\u0103 a anului. Dar, dup\u0103 ziua nun\u021bii, vei primi o previzualizare, \u00een jur de 30 de fotografii pentru a avea unele fotografii proaspete din ziua cea mare!<\/p>\n<p>[\/vc_column_text]\t<\/div>\n<\/div><\/div><div class=\"eltdf-accordion-holder eltdf-ac-default faq-container eltdf-toggle eltdf-ac-boxed eltdf-white-skin clearfix\">\n\t<h3 class=\"eltdf-accordion-title\">\n    <span class=\"eltdf-accordion-mark\">\n\t\t<span class=\"eltdf_icon_plus icon_plus\"><\/span>\n\t\t<span class=\"eltdf_icon_minus icon_minus-06\"><\/span>\n\t<\/span>\n\t<span class=\"eltdf-tab-title\">Ne dai \u0219i fotografii alb-negru?<\/span>\n<\/h3>\n<div class=\"eltdf-accordion-content\">\n\t<div class=\"eltdf-accordion-content-inner\">\n\t\t[vc_column_text]<\/p>\n<p>Da! Unele imagini, vor fi editate \u0219i alb-negru, altele doar alb-negru , totul depinde de viziunea mea, cum \u00eemi doresc ca imaginile respective s\u0103-\u021bi arate ceea ce vreau.<\/p>\n<p>[\/vc_column_text]\t<\/div>\n<\/div><\/div><div class=\"eltdf-accordion-holder eltdf-ac-default faq-container eltdf-toggle eltdf-ac-boxed eltdf-white-skin clearfix\">\n\t<h3 class=\"eltdf-accordion-title\">\n    <span class=\"eltdf-accordion-mark\">\n\t\t<span class=\"eltdf_icon_plus icon_plus\"><\/span>\n\t\t<span class=\"eltdf_icon_minus icon_minus-06\"><\/span>\n\t<\/span>\n\t<span class=\"eltdf-tab-title\">Mergi la evenimente \u0219i \u00een ora\u0219ului\/zonei tale ?<\/span>\n<\/h3>\n<div class=\"eltdf-accordion-content\">\n\t<div class=\"eltdf-accordion-content-inner\">\n\t\t[vc_column_text]Da, desigur! Cel\u0103lalt hobby al meu e s\u0103 c\u0103l\u0103toresc. \u00cemi place s\u0103 viziteze locuri noi, astfel \u00eenc\u00e2t eu sunt \u00eentotdeauna deschis pentru nun\u021bi peste tot \u00een lume, chiar dac\u0103 dureaz\u0103 ceva timp c\u0103l\u0103toresc.[\/vc_column_text]\t<\/div>\n<\/div><\/div><div class=\"eltdf-accordion-holder eltdf-ac-default faq-container eltdf-toggle eltdf-ac-boxed eltdf-white-skin clearfix\">\n\t<h3 class=\"eltdf-accordion-title\">\n    <span class=\"eltdf-accordion-mark\">\n\t\t<span class=\"eltdf_icon_plus icon_plus\"><\/span>\n\t\t<span class=\"eltdf_icon_minus icon_minus-06\"><\/span>\n\t<\/span>\n\t<span class=\"eltdf-tab-title\">Oferi \u0219i servicii video ?<\/span>\n<\/h3>\n<div class=\"eltdf-accordion-content\">\n\t<div class=\"eltdf-accordion-content-inner\">\n\t\t[vc_column_text]Nu, eu sunt &#8222;doar&#8221; un fotograf, dar am ni\u0219te colegi foarte talenta\u021bi pe partea de video, deci, dac\u0103 sunte\u021bi \u00een c\u0103utarea unui videograf, pot s\u0103-\u021bi oferim recomand\u0103ri![\/vc_column_text]\t<\/div>\n<\/div><\/div>[\/vc_column][\/vc_row][vc_row][vc_column]<div class=\"eltdf-section-title-holder  eltdf-st-standard eltdf-st-with-dots \" style=\"text-align: left\">\n\t<div class=\"eltdf-st-inner\">\n        <div class=\"eltdf-st-image\" >\n                    <\/div>\n\t\t\t\t\t\t\t<span class=\"eltdf-st-text\" style=\"color: #391e08\">\n\t\t\t\tExist\u0103 unele \u00eentreb\u0103ri pe care aproape toat\u0103 lumea m\u0103 \u00eentreab\u0103 \u00eenainte sau dup\u0103 nunt\u0103. A\u0219a c\u0103 \u021bi-am f\u0103cut o list\u0103 cu \u00eentreb\u0103rile \u0219i r\u0103spunsurile lor pentru a fi mai u\u0219or pentru tine.\t\t\t<\/span>\n\t\t\t<\/div>\n<\/div><div class=\"eltdf-ss-holder eltdf-ss-image-left \">\n\t\t<div class=\"eltdf-ss-content\" >\n\t\t\t\t\t\t\t<\/div>\n<\/div><div class=\"eltdf-iwt clearfix my-faq eltdf-iwt-icon-left-from-title eltdf-iwt-icon-tiny\">\n\t<div class=\"eltdf-iwt-content\" >\n\t\t\t\t\t<h3 class=\"eltdf-iwt-title\" style=\"color: #121f38\">\n\t\t\t\t\t\t\t\t\t<a itemprop=\"url\" href=\"https:\/\/alparlukacsi.com\/ro\/intrebari\/vii-singur-la-eveniment\/\" target=\"_self\">\n\t\t\t\t\t\t\t\t\t<span class=\"eltdf-iwt-icon\">\n\t\t\t\t\t\t\t\t\t\t\t\t\t    <span class=\"eltdf-icon-shortcode eltdf-normal   eltdf-icon-tiny\"  data-color=\"#121f38\">\n                    <i class=\"eltdf-icon-dripicons dripicon dripicons-plus eltdf-icon-element\" style=\"color: #121f38\" ><\/i>            <\/span>\n\t\t\t\t\t\t\t\t\t\t\t<\/span>\n\t\t\t\t\t<span class=\"eltdf-iwt-title-text\">VII SINGUR LA EVENIMENT?<\/span>\n\t\t\t\t\t\t\t\t\t<\/a>\n\t\t\t\t\t\t\t<\/h3>\n\t\t\t\t\t<\/div>\n<\/div><div class=\"eltdf-iwt clearfix my-faq eltdf-iwt-icon-left-from-title eltdf-iwt-icon-tiny\">\n\t<div class=\"eltdf-iwt-content\" >\n\t\t\t\t\t<h3 class=\"eltdf-iwt-title\" style=\"color: #121f38\">\n\t\t\t\t\t\t\t\t\t<a itemprop=\"url\" href=\"https:\/\/alparlukacsi.com\/ro\/intrebari\/cate-fotografii-vei-face-la-o-nunta\/\" target=\"_self\">\n\t\t\t\t\t\t\t\t\t<span class=\"eltdf-iwt-icon\">\n\t\t\t\t\t\t\t\t\t\t\t\t\t    <span class=\"eltdf-icon-shortcode eltdf-normal   eltdf-icon-tiny\"  data-color=\"#121f38\">\n                    <i class=\"eltdf-icon-dripicons dripicon dripicons-plus eltdf-icon-element\" style=\"color: #121f38\" ><\/i>            <\/span>\n\t\t\t\t\t\t\t\t\t\t\t<\/span>\n\t\t\t\t\t<span class=\"eltdf-iwt-title-text\">C\u00c2TE FOTOGRAFII VEI FACE LA O NUNT\u0102?<\/span>\n\t\t\t\t\t\t\t\t\t<\/a>\n\t\t\t\t\t\t\t<\/h3>\n\t\t\t\t\t<\/div>\n<\/div><div class=\"eltdf-iwt clearfix my-faq eltdf-iwt-icon-left-from-title eltdf-iwt-icon-tiny\">\n\t<div class=\"eltdf-iwt-content\" >\n\t\t\t\t\t<h3 class=\"eltdf-iwt-title\" style=\"color: #121f38\">\n\t\t\t\t\t\t\t\t\t<a itemprop=\"url\" href=\"https:\/\/alparlukacsi.com\/ro\/intrebari\/vor-fi-toate-fotografiile-editate\/\" target=\"_self\">\n\t\t\t\t\t\t\t\t\t<span class=\"eltdf-iwt-icon\">\n\t\t\t\t\t\t\t\t\t\t\t\t\t    <span class=\"eltdf-icon-shortcode eltdf-normal   eltdf-icon-tiny\"  data-color=\"#121f38\">\n                    <i class=\"eltdf-icon-dripicons dripicon dripicons-plus eltdf-icon-element\" style=\"color: #121f38\" ><\/i>            <\/span>\n\t\t\t\t\t\t\t\t\t\t\t<\/span>\n\t\t\t\t\t<span class=\"eltdf-iwt-title-text\">VOR FI TOATE FOTOGRAFIILE EDITATE?<\/span>\n\t\t\t\t\t\t\t\t\t<\/a>\n\t\t\t\t\t\t\t<\/h3>\n\t\t\t\t\t<\/div>\n<\/div><div class=\"eltdf-iwt clearfix my-faq eltdf-iwt-icon-left-from-title eltdf-iwt-icon-tiny\">\n\t<div class=\"eltdf-iwt-content\" >\n\t\t\t\t\t<h3 class=\"eltdf-iwt-title\" style=\"color: #121f38\">\n\t\t\t\t\t\t\t\t\t<a itemprop=\"url\" href=\"https:\/\/alparlukacsi.com\/ro\/intrebari\/cand-vom-primi-fotografiile\/\" target=\"_self\">\n\t\t\t\t\t\t\t\t\t<span class=\"eltdf-iwt-icon\">\n\t\t\t\t\t\t\t\t\t\t\t\t\t    <span class=\"eltdf-icon-shortcode eltdf-normal   eltdf-icon-tiny\"  data-color=\"#121f38\">\n                    <i class=\"eltdf-icon-dripicons dripicon dripicons-plus eltdf-icon-element\" style=\"color: #121f38\" ><\/i>            <\/span>\n\t\t\t\t\t\t\t\t\t\t\t<\/span>\n\t\t\t\t\t<span class=\"eltdf-iwt-title-text\">C\u00c2ND VOM PRIMI FOTOGRAFIILE?<\/span>\n\t\t\t\t\t\t\t\t\t<\/a>\n\t\t\t\t\t\t\t<\/h3>\n\t\t\t\t\t<\/div>\n<\/div><div class=\"eltdf-iwt clearfix my-faq eltdf-iwt-icon-left-from-title eltdf-iwt-icon-tiny\">\n\t<div class=\"eltdf-iwt-content\" >\n\t\t\t\t\t<h3 class=\"eltdf-iwt-title\" style=\"color: #121f38\">\n\t\t\t\t\t\t\t\t\t<a itemprop=\"url\" href=\"https:\/\/alparlukacsi.com\/ro\/intrebari\/ne-dai-si-fotografii-alb-negru\/\" target=\"_self\">\n\t\t\t\t\t\t\t\t\t<span class=\"eltdf-iwt-icon\">\n\t\t\t\t\t\t\t\t\t\t\t\t\t    <span class=\"eltdf-icon-shortcode eltdf-normal   eltdf-icon-tiny\"  data-color=\"#121f38\">\n                    <i class=\"eltdf-icon-dripicons dripicon dripicons-plus eltdf-icon-element\" style=\"color: #121f38\" ><\/i>            <\/span>\n\t\t\t\t\t\t\t\t\t\t\t<\/span>\n\t\t\t\t\t<span class=\"eltdf-iwt-title-text\">NE DAI \u0218I FOTOGRAFII ALB-NEGRU?<\/span>\n\t\t\t\t\t\t\t\t\t<\/a>\n\t\t\t\t\t\t\t<\/h3>\n\t\t\t\t\t<\/div>\n<\/div><div class=\"eltdf-iwt clearfix my-faq eltdf-iwt-icon-left-from-title eltdf-iwt-icon-tiny\">\n\t<div class=\"eltdf-iwt-content\" >\n\t\t\t\t\t<h3 class=\"eltdf-iwt-title\" style=\"color: #121f38\">\n\t\t\t\t\t\t\t\t\t<a itemprop=\"url\" href=\"https:\/\/alparlukacsi.com\/ro\/intrebari\/mergi-la-evenimente-si-in-orasului-zonei-tale\/\" target=\"_self\">\n\t\t\t\t\t\t\t\t\t<span class=\"eltdf-iwt-icon\">\n\t\t\t\t\t\t\t\t\t\t\t\t\t    <span class=\"eltdf-icon-shortcode eltdf-normal   eltdf-icon-tiny\"  data-color=\"#121f38\">\n                    <i class=\"eltdf-icon-dripicons dripicon dripicons-plus eltdf-icon-element\" style=\"color: #121f38\" ><\/i>            <\/span>\n\t\t\t\t\t\t\t\t\t\t\t<\/span>\n\t\t\t\t\t<span class=\"eltdf-iwt-title-text\">MERGI LA EVENIMENTE \u0218I \u00ceN ORA\u0218ULUI\/ZONEI TALE ?<\/span>\n\t\t\t\t\t\t\t\t\t<\/a>\n\t\t\t\t\t\t\t<\/h3>\n\t\t\t\t\t<\/div>\n<\/div><div class=\"eltdf-iwt clearfix my-faq eltdf-iwt-icon-left-from-title eltdf-iwt-icon-tiny\">\n\t<div class=\"eltdf-iwt-content\" >\n\t\t\t\t\t<h3 class=\"eltdf-iwt-title\" style=\"color: #121f38\">\n\t\t\t\t\t\t\t\t\t<a itemprop=\"url\" href=\"https:\/\/alparlukacsi.com\/ro\/intrebari\/oferi-si-servicii-video\/\" target=\"_self\">\n\t\t\t\t\t\t\t\t\t<span class=\"eltdf-iwt-icon\">\n\t\t\t\t\t\t\t\t\t\t\t\t\t    <span class=\"eltdf-icon-shortcode eltdf-normal   eltdf-icon-tiny\"  data-color=\"#121f38\">\n                    <i class=\"eltdf-icon-dripicons dripicon dripicons-plus eltdf-icon-element\" style=\"color: #121f38\" ><\/i>            <\/span>\n\t\t\t\t\t\t\t\t\t\t\t<\/span>\n\t\t\t\t\t<span class=\"eltdf-iwt-title-text\">OFERI \u0218I SERVICII VIDEO ?<\/span>\n\t\t\t\t\t\t\t\t\t<\/a>\n\t\t\t\t\t\t\t<\/h3>\n\t\t\t\t\t<\/div>\n<\/div>[\/vc_column][\/vc_row]<\/p>\n","protected":false},"excerpt":{"rendered":"<p>[vc_row][vc_column offset=&#8221;vc_hidden-lg vc_hidden-md vc_hidden-sm vc_hidden-xs&#8221;][\/vc_column][\/vc_row][vc_row][vc_column][\/vc_column][\/vc_row]<\/p>\n","protected":false},"author":1,"featured_media":0,"parent":0,"menu_order":0,"comment_status":"closed","ping_status":"closed","template":"","meta":{"footnotes":""},"class_list":["post-8206","page","type-page","status-publish","hentry"],"yoast_head":"<!-- This site is optimized with the Yoast SEO plugin v24.2 - https:\/\/yoast.com\/wordpress\/plugins\/seo\/ -->\n<title>Informa\u021bii utile - Alpar Lukacsi<\/title>\n<meta name=\"robots\" content=\"index, follow, max-snippet:-1, max-image-preview:large, max-video-preview:-1\" \/>\n<link rel=\"canonical\" href=\"https:\/\/alparlukacsi.com\/ro\/intrebari\/\" \/>\n<meta property=\"og:locale\" content=\"ro_RO\" \/>\n<meta property=\"og:type\" content=\"article\" \/>\n<meta property=\"og:title\" content=\"Informa\u021bii utile - Alpar Lukacsi\" \/>\n<meta property=\"og:description\" content=\"[vc_row][vc_column offset=&#8221;vc_hidden-lg vc_hidden-md vc_hidden-sm vc_hidden-xs&#8221;][\/vc_column][\/vc_row][vc_row][vc_column][\/vc_column][\/vc_row]\" \/>\n<meta property=\"og:url\" content=\"https:\/\/alparlukacsi.com\/ro\/intrebari\/\" \/>\n<meta property=\"og:site_name\" content=\"Alpar Lukacsi\" \/>\n<meta property=\"article:modified_time\" content=\"2022-05-09T12:04:49+00:00\" \/>\n<meta name=\"twitter:card\" content=\"summary_large_image\" \/>\n<meta name=\"twitter:label1\" content=\"Timp estimat pentru citire\" \/>\n\t<meta name=\"twitter:data1\" content=\"3 minute\" \/>\n<script type=\"application\/ld+json\" class=\"yoast-schema-graph\">{\"@context\":\"https:\/\/schema.org\",\"@graph\":[{\"@type\":\"WebPage\",\"@id\":\"https:\/\/alparlukacsi.com\/ro\/intrebari\/\",\"url\":\"https:\/\/alparlukacsi.com\/ro\/intrebari\/\",\"name\":\"Informa\u021bii utile - Alpar Lukacsi\",\"isPartOf\":{\"@id\":\"https:\/\/alparlukacsi.com\/#website\"},\"datePublished\":\"2020-03-26T14:41:59+00:00\",\"dateModified\":\"2022-05-09T12:04:49+00:00\",\"breadcrumb\":{\"@id\":\"https:\/\/alparlukacsi.com\/ro\/intrebari\/#breadcrumb\"},\"inLanguage\":\"ro-RO\",\"potentialAction\":[{\"@type\":\"ReadAction\",\"target\":[\"https:\/\/alparlukacsi.com\/ro\/intrebari\/\"]}]},{\"@type\":\"BreadcrumbList\",\"@id\":\"https:\/\/alparlukacsi.com\/ro\/intrebari\/#breadcrumb\",\"itemListElement\":[{\"@type\":\"ListItem\",\"position\":1,\"name\":\"Home\",\"item\":\"https:\/\/alparlukacsi.com\/\"},{\"@type\":\"ListItem\",\"position\":2,\"name\":\"Informa\u021bii utile\"}]},{\"@type\":\"WebSite\",\"@id\":\"https:\/\/alparlukacsi.com\/#website\",\"url\":\"https:\/\/alparlukacsi.com\/\",\"name\":\"Alpar Lukacsi\",\"description\":\"IT\u2019S ALL ABOUT MOMENTS\",\"potentialAction\":[{\"@type\":\"SearchAction\",\"target\":{\"@type\":\"EntryPoint\",\"urlTemplate\":\"https:\/\/alparlukacsi.com\/?s={search_term_string}\"},\"query-input\":{\"@type\":\"PropertyValueSpecification\",\"valueRequired\":true,\"valueName\":\"search_term_string\"}}],\"inLanguage\":\"ro-RO\"}]}<\/script>\n<!-- \/ Yoast SEO plugin. -->","yoast_head_json":{"title":"Informa\u021bii utile - Alpar Lukacsi","robots":{"index":"index","follow":"follow","max-snippet":"max-snippet:-1","max-image-preview":"max-image-preview:large","max-video-preview":"max-video-preview:-1"},"canonical":"https:\/\/alparlukacsi.com\/ro\/intrebari\/","og_locale":"ro_RO","og_type":"article","og_title":"Informa\u021bii utile - Alpar Lukacsi","og_description":"[vc_row][vc_column offset=&#8221;vc_hidden-lg vc_hidden-md vc_hidden-sm vc_hidden-xs&#8221;][\/vc_column][\/vc_row][vc_row][vc_column][\/vc_column][\/vc_row]","og_url":"https:\/\/alparlukacsi.com\/ro\/intrebari\/","og_site_name":"Alpar Lukacsi","article_modified_time":"2022-05-09T12:04:49+00:00","twitter_card":"summary_large_image","twitter_misc":{"Timp estimat pentru citire":"3 minute"},"schema":{"@context":"https:\/\/schema.org","@graph":[{"@type":"WebPage","@id":"https:\/\/alparlukacsi.com\/ro\/intrebari\/","url":"https:\/\/alparlukacsi.com\/ro\/intrebari\/","name":"Informa\u021bii utile - Alpar Lukacsi","isPartOf":{"@id":"https:\/\/alparlukacsi.com\/#website"},"datePublished":"2020-03-26T14:41:59+00:00","dateModified":"2022-05-09T12:04:49+00:00","breadcrumb":{"@id":"https:\/\/alparlukacsi.com\/ro\/intrebari\/#breadcrumb"},"inLanguage":"ro-RO","potentialAction":[{"@type":"ReadAction","target":["https:\/\/alparlukacsi.com\/ro\/intrebari\/"]}]},{"@type":"BreadcrumbList","@id":"https:\/\/alparlukacsi.com\/ro\/intrebari\/#breadcrumb","itemListElement":[{"@type":"ListItem","position":1,"name":"Home","item":"https:\/\/alparlukacsi.com\/"},{"@type":"ListItem","position":2,"name":"Informa\u021bii utile"}]},{"@type":"WebSite","@id":"https:\/\/alparlukacsi.com\/#website","url":"https:\/\/alparlukacsi.com\/","name":"Alpar Lukacsi","description":"IT\u2019S ALL ABOUT MOMENTS","potentialAction":[{"@type":"SearchAction","target":{"@type":"EntryPoint","urlTemplate":"https:\/\/alparlukacsi.com\/?s={search_term_string}"},"query-input":{"@type":"PropertyValueSpecification","valueRequired":true,"valueName":"search_term_string"}}],"inLanguage":"ro-RO"}]}},"_links":{"self":[{"href":"https:\/\/alparlukacsi.com\/ro\/wp-json\/wp\/v2\/pages\/8206","targetHints":{"allow":["GET"]}}],"collection":[{"href":"https:\/\/alparlukacsi.com\/ro\/wp-json\/wp\/v2\/pages"}],"about":[{"href":"https:\/\/alparlukacsi.com\/ro\/wp-json\/wp\/v2\/types\/page"}],"author":[{"embeddable":true,"href":"https:\/\/alparlukacsi.com\/ro\/wp-json\/wp\/v2\/users\/1"}],"replies":[{"embeddable":true,"href":"https:\/\/alparlukacsi.com\/ro\/wp-json\/wp\/v2\/comments?post=8206"}],"version-history":[{"count":7,"href":"https:\/\/alparlukacsi.com\/ro\/wp-json\/wp\/v2\/pages\/8206\/revisions"}],"predecessor-version":[{"id":11050,"href":"https:\/\/alparlukacsi.com\/ro\/wp-json\/wp\/v2\/pages\/8206\/revisions\/11050"}],"wp:attachment":[{"href":"https:\/\/alparlukacsi.com\/ro\/wp-json\/wp\/v2\/media?parent=8206"}],"curies":[{"name":"wp","href":"https:\/\/api.w.org\/{rel}","templated":true}]}}