{"id":8202,"date":"2020-03-26T15:55:54","date_gmt":"2020-03-26T13:55:54","guid":{"rendered":"https:\/\/alparlukacsi.ro\/?page_id=8202"},"modified":"2022-05-06T09:11:53","modified_gmt":"2022-05-06T07:11:53","slug":"contact","status":"publish","type":"page","link":"https:\/\/alparlukacsi.com\/ro\/contact\/","title":{"rendered":"CONTACT"},"content":{"rendered":"<p>[vc_row row_content_width=&#8221;grid&#8221; css=&#8221;.vc_custom_1583163456807{padding-top: 45px !important;}&#8221;][vc_column]<div class=\"eltdf-section-title-holder  eltdf-st-standard  \" style=\"text-align: center\">\n\t<div class=\"eltdf-st-inner\">\n        <div class=\"eltdf-st-image\" style=\"margin-bottom: 0px\">\n                    <\/div>\n\t\t\t\t\t\t\t<span class=\"eltdf-st-text\" style=\"color: #391e08;margin-top: 14px\">\n\t\t\t\tM\u0103 bucur c\u0103 e\u0219ti pe aceast\u0103 pagin\u0103, asta \u00eenseamn\u0103 c\u0103 \u00ee\u021bi place ceea ce fac. Te rog s\u0103-mi la\u0219i un mesaj sau sun\u0103-m\u0103 pentru a discuta mai multe detalii despre evenimentul t\u0103u.\t\t\t<\/span>\n\t\t\t<\/div>\n<\/div>[\/vc_column][\/vc_row][vc_row row_content_width=&#8221;grid&#8221; css=&#8221;.vc_custom_1651575733187{padding-top: 90px !important;padding-bottom: 30px !important;}&#8221;][vc_column width=&#8221;1\/4&#8243; el_class=&#8221;contact-us-left-col&#8221; css=&#8221;.vc_custom_1651575722976{margin-bottom: 20px !important;padding-right: 40px !important;padding-bottom: 30px !important;}&#8221;][vc_column_text]Contactele mele:[\/vc_column_text][vc_empty_space height=&#8221;16px&#8221;]<div class=\"eltdf-iwt clearfix  eltdf-iwt-icon-left eltdf-iwt-icon-medium\">\n\t<div class=\"eltdf-iwt-icon\">\n\t\t\t\t\t<a itemprop=\"url\" href=\"tel:0747368811\" target=\"_self\">\n\t\t\t\t\t\t\t\t\t    <span class=\"eltdf-icon-shortcode eltdf-normal   eltdf-icon-medium\"  data-hover-color=\"#121f38\" data-color=\"#ce8f6f\">\n                    <i class=\"eltdf-icon-ion-icon ion-ios-telephone-outline eltdf-icon-element\" style=\"color: #ce8f6f;font-size:25px\" ><\/i>            <\/span>\n\t\t\t\t\t\t\t\t<\/a>\n\t\t\t<\/div>\n\t<div class=\"eltdf-iwt-content\" >\n\t\t\t\t\t<p class=\"eltdf-iwt-title\" style=\"margin-top: -6px\">\n\t\t\t\t\t\t\t\t\t<a itemprop=\"url\" href=\"tel:0747368811\" target=\"_self\">\n\t\t\t\t\t\t\t\t<span class=\"eltdf-iwt-title-text\">+0747 368 811<\/span>\n\t\t\t\t\t\t\t\t\t<\/a>\n\t\t\t\t\t\t\t<\/p>\n\t\t\t\t\t\t<\/div>\n<\/div>[vc_empty_space height=&#8221;17px&#8221;]<div class=\"eltdf-iwt clearfix  eltdf-iwt-icon-left eltdf-iwt-icon-medium\">\n\t<div class=\"eltdf-iwt-icon\">\n\t\t\t\t\t<a itemprop=\"url\" href=\"mailto:hello@alparlukacsi.ro\" target=\"_self\">\n\t\t\t\t\t\t\t\t\t    <span class=\"eltdf-icon-shortcode eltdf-normal   eltdf-icon-medium\"  data-hover-color=\"#121f38\" data-color=\"#ce8f6f\">\n                    <i class=\"eltdf-icon-ion-icon ion-ios-chatboxes-outline eltdf-icon-element\" style=\"color: #ce8f6f;font-size:25px\" ><\/i>            <\/span>\n\t\t\t\t\t\t\t\t<\/a>\n\t\t\t<\/div>\n\t<div class=\"eltdf-iwt-content\" >\n\t\t\t\t\t<p class=\"eltdf-iwt-title\" style=\"margin-top: -6px\">\n\t\t\t\t\t\t\t\t\t<a itemprop=\"url\" href=\"mailto:hello@alparlukacsi.ro\" target=\"_self\">\n\t\t\t\t\t\t\t\t<span class=\"eltdf-iwt-title-text\">hello@alparlukacsi.ro<\/span>\n\t\t\t\t\t\t\t\t\t<\/a>\n\t\t\t\t\t\t\t<\/p>\n\t\t\t\t\t\t<\/div>\n<\/div>[\/vc_column][vc_column width=&#8221;3\/4&#8243;]<div class=\"wpforms-container wpforms-container-full\" id=\"wpforms-10949\"><form id=\"wpforms-form-10949\" class=\"wpforms-validate wpforms-form wpforms-ajax-form\" data-formid=\"10949\" method=\"post\" enctype=\"multipart\/form-data\" action=\"\/ro\/wp-json\/wp\/v2\/pages\/8202\" data-token=\"efe6e5e6eb0c71ba0c39887d80217334\" data-token-time=\"1776915076\"><noscript class=\"wpforms-error-noscript\">Please enable JavaScript in your browser to complete this form.<\/noscript><div class=\"wpforms-field-container\"><div id=\"wpforms-10949-field_0-container\" class=\"wpforms-field wpforms-field-name\" data-field-id=\"0\"><label class=\"wpforms-field-label wpforms-label-hide\" for=\"wpforms-10949-field_0\">Name <span class=\"wpforms-required-label\">*<\/span><\/label><input type=\"text\" id=\"wpforms-10949-field_0\" class=\"wpforms-field-large wpforms-field-required\" name=\"wpforms[fields][0]\" placeholder=\"Nume\" required><\/div><div id=\"wpforms-10949-field_1-container\" class=\"wpforms-field wpforms-field-email\" data-field-id=\"1\"><label class=\"wpforms-field-label wpforms-label-hide\" for=\"wpforms-10949-field_1\">Email <span class=\"wpforms-required-label\">*<\/span><\/label><input type=\"email\" id=\"wpforms-10949-field_1\" class=\"wpforms-field-large wpforms-field-required\" name=\"wpforms[fields][1]\" placeholder=\"Email\" spellcheck=\"false\" required><\/div><div id=\"wpforms-10949-field_2-container\" class=\"wpforms-field wpforms-field-textarea\" data-field-id=\"2\"><label class=\"wpforms-field-label wpforms-label-hide\" for=\"wpforms-10949-field_2\">Message <span class=\"wpforms-required-label\">*<\/span><\/label><textarea id=\"wpforms-10949-field_2\" class=\"wpforms-field-large wpforms-field-required\" name=\"wpforms[fields][2]\" placeholder=\"Mesaj\" required><\/textarea><\/div><div id=\"wpforms-10949-field_3-container\" class=\"wpforms-field wpforms-field-checkbox\" data-field-id=\"3\"><label class=\"wpforms-field-label wpforms-label-hide\">Data security<\/label><ul id=\"wpforms-10949-field_3\"><li class=\"choice-1 depth-1\"><input type=\"checkbox\" id=\"wpforms-10949-field_3_1\" name=\"wpforms[fields][3][]\" value=\"Sunt de acord cu prelucrarea datelor \u00een conformitate cu politica de confiden\u021bialitate \u0219i securitatea  datelor cu caracter personal.\"  ><label class=\"wpforms-field-label-inline\" for=\"wpforms-10949-field_3_1\">Sunt de acord cu prelucrarea datelor \u00een conformitate cu politica de confiden\u021bialitate \u0219i securitatea  datelor cu caracter personal.<\/label><\/li><\/ul><\/div><\/div><!-- .wpforms-field-container --><div class=\"wpforms-submit-container\" ><input type=\"hidden\" name=\"wpforms[id]\" value=\"10949\"><input type=\"hidden\" name=\"page_title\" value=\"\"><input type=\"hidden\" name=\"page_url\" value=\"https:\/\/alparlukacsi.com\/ro\/wp-json\/wp\/v2\/pages\/8202\"><button type=\"submit\" name=\"wpforms[submit]\" id=\"wpforms-submit-10949\" class=\"wpforms-submit\" data-alt-text=\"Se trimite...\" data-submit-text=\"Trimite\" aria-live=\"assertive\" value=\"wpforms-submit\">Trimite<\/button><img loading=\"lazy\" decoding=\"async\" src=\"https:\/\/alparlukacsi.com\/wp-content\/plugins\/wpforms-lite\/assets\/images\/submit-spin.svg\" class=\"wpforms-submit-spinner\" style=\"display: none;\" width=\"26\" height=\"26\" alt=\"Loading\"><\/div><\/form><\/div>  <!-- .wpforms-container -->[vc_empty_space height=&#8221;14px&#8221;][\/vc_column][\/vc_row]<\/p>\n","protected":false},"excerpt":{"rendered":"<p>[vc_row row_content_width=&#8221;grid&#8221; css=&#8221;.vc_custom_1583163456807{padding-top: 45px !important;}&#8221;][vc_column][\/vc_column][\/vc_row][vc_row row_content_width=&#8221;grid&#8221; css=&#8221;.vc_custom_1651575733187{padding-top: 90px !important;padding-bottom: 30px !important;}&#8221;][vc_column width=&#8221;1\/4&#8243; el_class=&#8221;contact-us-left-col&#8221; css=&#8221;.vc_custom_1651575722976{margin-bottom: 20px !important;padding-right: 40px !important;padding-bottom: 30px !important;}&#8221;][vc_column_text]Contactele mele:[\/vc_column_text][vc_empty_space height=&#8221;16px&#8221;][vc_empty_space height=&#8221;17px&#8221;][\/vc_column][vc_column width=&#8221;3\/4&#8243;][vc_empty_space height=&#8221;14px&#8221;][\/vc_column][\/vc_row]<\/p>\n","protected":false},"author":1,"featured_media":0,"parent":0,"menu_order":0,"comment_status":"closed","ping_status":"closed","template":"full-width.php","meta":{"footnotes":""},"class_list":["post-8202","page","type-page","status-publish","hentry"],"yoast_head":"<!-- This site is optimized with the Yoast SEO plugin v24.2 - https:\/\/yoast.com\/wordpress\/plugins\/seo\/ -->\n<title>CONTACT - Alpar Lukacsi<\/title>\n<meta name=\"robots\" content=\"index, follow, max-snippet:-1, max-image-preview:large, max-video-preview:-1\" \/>\n<link rel=\"canonical\" href=\"https:\/\/alparlukacsi.com\/ro\/contact\/\" \/>\n<meta property=\"og:locale\" content=\"ro_RO\" \/>\n<meta property=\"og:type\" content=\"article\" \/>\n<meta property=\"og:title\" content=\"CONTACT - Alpar Lukacsi\" \/>\n<meta property=\"og:description\" content=\"[vc_row row_content_width=&#8221;grid&#8221; css=&#8221;.vc_custom_1583163456807{padding-top: 45px !important;}&#8221;][vc_column][\/vc_column][\/vc_row][vc_row row_content_width=&#8221;grid&#8221; css=&#8221;.vc_custom_1651575733187{padding-top: 90px !important;padding-bottom: 30px !important;}&#8221;][vc_column width=&#8221;1\/4&#8243; el_class=&#8221;contact-us-left-col&#8221; css=&#8221;.vc_custom_1651575722976{margin-bottom: 20px !important;padding-right: 40px !important;padding-bottom: 30px !important;}&#8221;][vc_column_text]Contactele mele:[\/vc_column_text][vc_empty_space height=&#8221;16px&#8221;][vc_empty_space height=&#8221;17px&#8221;][\/vc_column][vc_column width=&#8221;3\/4&#8243;][vc_empty_space height=&#8221;14px&#8221;][\/vc_column][\/vc_row]\" \/>\n<meta property=\"og:url\" content=\"https:\/\/alparlukacsi.com\/ro\/contact\/\" \/>\n<meta property=\"og:site_name\" content=\"Alpar Lukacsi\" \/>\n<meta property=\"article:modified_time\" content=\"2022-05-06T07:11:53+00:00\" \/>\n<meta name=\"twitter:card\" content=\"summary_large_image\" \/>\n<meta name=\"twitter:label1\" content=\"Timp estimat pentru citire\" \/>\n\t<meta name=\"twitter:data1\" content=\"1 minut\" \/>\n<script type=\"application\/ld+json\" class=\"yoast-schema-graph\">{\"@context\":\"https:\/\/schema.org\",\"@graph\":[{\"@type\":\"WebPage\",\"@id\":\"https:\/\/alparlukacsi.com\/ro\/contact\/\",\"url\":\"https:\/\/alparlukacsi.com\/ro\/contact\/\",\"name\":\"CONTACT - Alpar Lukacsi\",\"isPartOf\":{\"@id\":\"https:\/\/alparlukacsi.com\/#website\"},\"datePublished\":\"2020-03-26T13:55:54+00:00\",\"dateModified\":\"2022-05-06T07:11:53+00:00\",\"breadcrumb\":{\"@id\":\"https:\/\/alparlukacsi.com\/ro\/contact\/#breadcrumb\"},\"inLanguage\":\"ro-RO\",\"potentialAction\":[{\"@type\":\"ReadAction\",\"target\":[\"https:\/\/alparlukacsi.com\/ro\/contact\/\"]}]},{\"@type\":\"BreadcrumbList\",\"@id\":\"https:\/\/alparlukacsi.com\/ro\/contact\/#breadcrumb\",\"itemListElement\":[{\"@type\":\"ListItem\",\"position\":1,\"name\":\"Home\",\"item\":\"https:\/\/alparlukacsi.com\/\"},{\"@type\":\"ListItem\",\"position\":2,\"name\":\"CONTACT\"}]},{\"@type\":\"WebSite\",\"@id\":\"https:\/\/alparlukacsi.com\/#website\",\"url\":\"https:\/\/alparlukacsi.com\/\",\"name\":\"Alpar Lukacsi\",\"description\":\"IT\u2019S ALL ABOUT MOMENTS\",\"potentialAction\":[{\"@type\":\"SearchAction\",\"target\":{\"@type\":\"EntryPoint\",\"urlTemplate\":\"https:\/\/alparlukacsi.com\/?s={search_term_string}\"},\"query-input\":{\"@type\":\"PropertyValueSpecification\",\"valueRequired\":true,\"valueName\":\"search_term_string\"}}],\"inLanguage\":\"ro-RO\"}]}<\/script>\n<!-- \/ Yoast SEO plugin. -->","yoast_head_json":{"title":"CONTACT - Alpar Lukacsi","robots":{"index":"index","follow":"follow","max-snippet":"max-snippet:-1","max-image-preview":"max-image-preview:large","max-video-preview":"max-video-preview:-1"},"canonical":"https:\/\/alparlukacsi.com\/ro\/contact\/","og_locale":"ro_RO","og_type":"article","og_title":"CONTACT - Alpar Lukacsi","og_description":"[vc_row row_content_width=&#8221;grid&#8221; css=&#8221;.vc_custom_1583163456807{padding-top: 45px !important;}&#8221;][vc_column][\/vc_column][\/vc_row][vc_row row_content_width=&#8221;grid&#8221; css=&#8221;.vc_custom_1651575733187{padding-top: 90px !important;padding-bottom: 30px !important;}&#8221;][vc_column width=&#8221;1\/4&#8243; el_class=&#8221;contact-us-left-col&#8221; css=&#8221;.vc_custom_1651575722976{margin-bottom: 20px !important;padding-right: 40px !important;padding-bottom: 30px !important;}&#8221;][vc_column_text]Contactele mele:[\/vc_column_text][vc_empty_space height=&#8221;16px&#8221;][vc_empty_space height=&#8221;17px&#8221;][\/vc_column][vc_column width=&#8221;3\/4&#8243;][vc_empty_space height=&#8221;14px&#8221;][\/vc_column][\/vc_row]","og_url":"https:\/\/alparlukacsi.com\/ro\/contact\/","og_site_name":"Alpar Lukacsi","article_modified_time":"2022-05-06T07:11:53+00:00","twitter_card":"summary_large_image","twitter_misc":{"Timp estimat pentru citire":"1 minut"},"schema":{"@context":"https:\/\/schema.org","@graph":[{"@type":"WebPage","@id":"https:\/\/alparlukacsi.com\/ro\/contact\/","url":"https:\/\/alparlukacsi.com\/ro\/contact\/","name":"CONTACT - Alpar Lukacsi","isPartOf":{"@id":"https:\/\/alparlukacsi.com\/#website"},"datePublished":"2020-03-26T13:55:54+00:00","dateModified":"2022-05-06T07:11:53+00:00","breadcrumb":{"@id":"https:\/\/alparlukacsi.com\/ro\/contact\/#breadcrumb"},"inLanguage":"ro-RO","potentialAction":[{"@type":"ReadAction","target":["https:\/\/alparlukacsi.com\/ro\/contact\/"]}]},{"@type":"BreadcrumbList","@id":"https:\/\/alparlukacsi.com\/ro\/contact\/#breadcrumb","itemListElement":[{"@type":"ListItem","position":1,"name":"Home","item":"https:\/\/alparlukacsi.com\/"},{"@type":"ListItem","position":2,"name":"CONTACT"}]},{"@type":"WebSite","@id":"https:\/\/alparlukacsi.com\/#website","url":"https:\/\/alparlukacsi.com\/","name":"Alpar Lukacsi","description":"IT\u2019S ALL ABOUT MOMENTS","potentialAction":[{"@type":"SearchAction","target":{"@type":"EntryPoint","urlTemplate":"https:\/\/alparlukacsi.com\/?s={search_term_string}"},"query-input":{"@type":"PropertyValueSpecification","valueRequired":true,"valueName":"search_term_string"}}],"inLanguage":"ro-RO"}]}},"_links":{"self":[{"href":"https:\/\/alparlukacsi.com\/ro\/wp-json\/wp\/v2\/pages\/8202","targetHints":{"allow":["GET"]}}],"collection":[{"href":"https:\/\/alparlukacsi.com\/ro\/wp-json\/wp\/v2\/pages"}],"about":[{"href":"https:\/\/alparlukacsi.com\/ro\/wp-json\/wp\/v2\/types\/page"}],"author":[{"embeddable":true,"href":"https:\/\/alparlukacsi.com\/ro\/wp-json\/wp\/v2\/users\/1"}],"replies":[{"embeddable":true,"href":"https:\/\/alparlukacsi.com\/ro\/wp-json\/wp\/v2\/comments?post=8202"}],"version-history":[{"count":10,"href":"https:\/\/alparlukacsi.com\/ro\/wp-json\/wp\/v2\/pages\/8202\/revisions"}],"predecessor-version":[{"id":10964,"href":"https:\/\/alparlukacsi.com\/ro\/wp-json\/wp\/v2\/pages\/8202\/revisions\/10964"}],"wp:attachment":[{"href":"https:\/\/alparlukacsi.com\/ro\/wp-json\/wp\/v2\/media?parent=8202"}],"curies":[{"name":"wp","href":"https:\/\/api.w.org\/{rel}","templated":true}]}}