{"id":11097,"date":"2023-04-01T12:53:21","date_gmt":"2023-04-01T10:53:21","guid":{"rendered":"https:\/\/alparlukacsi.com\/totul-este-despre-momente\/"},"modified":"2023-04-01T12:53:24","modified_gmt":"2023-04-01T10:53:24","slug":"totul-este-despre-momente","status":"publish","type":"page","link":"https:\/\/alparlukacsi.com\/ro\/totul-este-despre-momente\/","title":{"rendered":"TOTUL ESTE DESPRE MOMENTE"},"content":{"rendered":"<p>[vc_row row_content_width=&#8221;grid&#8221; content_text_aligment=&#8221;left&#8221; css=&#8221;.vc_custom_1583163581687{padding-top: 45px !important;padding-bottom: 45px !important;}&#8221;][vc_column][vc_column_text]<br \/>\nPrietenos, amuzant, plin de energie \u0219i atent. Acestea sunt cele 4 caracteristici care m\u0103 descriu cel mai bine, iar toat\u0103 lumea le poate observa \u00een timpul evenimentelor. Mi-am cump\u0103rat prima camer\u0103 \u00een 2011, dup\u0103 absolvirea liceului, iar fotografia a devenit rapid una dintre pasiunile mele. Am \u00eenceput s\u0103 fotografiez evenimente mici, dar \u00een timp ce lucram pentru o companie de servicii foto pentru nun\u021bi, am avut ocazia s\u0103 experimentez frumoasa atmosfer\u0103 a nun\u021bilor.<\/p>\n<p>A\u0219a c\u0103 \u00een 2015 am decis \u00een cele din urm\u0103: Voi fi fotograf de evenimente!<\/p>\n<p>De atunci, asta a devenit meseria mea. Merg la fiecare eveniment plin de energie \u0219i pozitivitate. Sunt recunosc\u0103tor c\u0103 pasiunea mea este \u0219i meseria mea, chiar mai mult dec\u00e2t at\u00e2t, este un stil de via\u021b\u0103. Urmarind exemplul bunicului meu, am \u00eenv\u0103\u021bat s\u0103 iubesc, s\u0103 apreciez aceast\u0103 meserie \u0219i s\u0103 o fac cu o atitudine \u0219i o energie pozitiv\u0103. \u00cen fiecare minut al fiec\u0103rui eveniment, caut momentele unice, emo\u021biile, r\u00e2sul, lacrimile, \u00eembr\u0103\u021bi\u0219\u0103rile, pentru c\u0103 fiecare eveniment este diferit, dar frumos datorit\u0103 unicit\u0103\u021bii lor, datorit\u0103 protagoni\u0219tilor lor. \u00cemi fac tot posibilul s\u0103 cunosc personajele principale ale evenimentelor, prietenii \u0219i familiile lor, s\u0103 fac parte din aceste momente \u0219i astfel s\u0103 evit frazele de genul: \u201eAten\u021bie, a venit fotograful!\u201d, \u0219i s\u0103 le transform \u00een fraze de genul: \u201eWow, uita\u021bi, nici m\u0103car nu am observat \u0219i a f\u0103cut ni\u0219te poze frumoase cu noi!\u201d.<\/p>\n<p>Locuiesc \u00een Transilvania, mai exact \u00een ora\u0219ul T\u00e2rgu-Mure\u0219, dar sunt deschis s\u0103 fotografiez oriunde, deoarece cealalt\u0103 pasiune a mea este c\u0103l\u0103toria. Sunt, de asemenea, recunosc\u0103tor c\u0103 fotografia mi-a oferit oportunitatea de a vizita multe locuri, ora\u0219e \u0219i chiar \u021b\u0103ri!<br \/>\n[\/vc_column_text][\/vc_column][\/vc_row][vc_row row_content_width=&#8221;grid&#8221; css=&#8221;.vc_custom_1555413785226{padding-top: 120px !important;padding-bottom: 130px !important;}&#8221; simple_background_color=&#8221;#f2e8dc&#8221;][vc_column]<div class=\"eltdf-testimonials-holder clearfix eltdf-testimonials-standard   eltdf-navigation-numbers\">\n    <div class=\"eltdf-testimonial-mark\" >\u201d<\/div>\n    <div class=\"eltdf-testimonials eltdf-owl-slider\" data-number-of-items=\"1\" data-enable-loop=\"yes\" data-enable-autoplay=\"yes\" data-slider-speed=\"5000\" data-slider-speed-animation=\"600\" data-enable-navigation=\"yes\" data-enable-pagination=\"yes\" >\n\n    \n            <div class=\"eltdf-testimonial-content\" id=\"eltdf-testimonials-8337\">\n                <div class=\"eltdf-testimonial-text-holder\">\n                                                                <p class=\"eltdf-testimonial-text\" style=\"padding: 0 19%\">Toat\u0103 lumea zicea mereu c\u0103 o poz\u0103 valoreaz\u0103 c\u00e2t o mie de cuvinte. Ei bine, pot afirma c\u0103 Alp\u00e1r e cel care mi-a ar\u0103tat asta. Cele mai frumoase amintiri din via\u021ba mea au fost capturate de el, mi-a f\u0103cut majoratul mai special dec\u00e2t \u00eemi puteam imagina vreodat\u0103. De la profesionalism, talent, originalitate, la voie bun\u0103 \u0219i un z\u00e2mbet genial, Alp\u00e1r le are pe toate. Este \u0219i va r\u0103m\u00e2ne pentru mine mai mult dec\u00e2t un simplu fotograf, e un prieten, cu un mod unic de a scoate la iveal\u0103 ce e mai frumos din orice cadru. Sunt recunosc\u0103toare c\u0103 l-am ales \u0219i \u00eel recomand cu cea mai mare \u00eencredere, din tot sufletul. Alp\u00e1r Luk\u00e1csi, cum zicea Tina Turner, e\u0219ti &quot;simply the best&quot;!<\/p>\n                                                                <h6 class=\"eltdf-testimonial-author\">\n                            <span class=\"eltdf-testimonials-author-name\">Alexia<\/span>\n                                                    <\/h6>\n                                    <\/div>\n            <\/div>\n\n    \n            <div class=\"eltdf-testimonial-content\" id=\"eltdf-testimonials-8336\">\n                <div class=\"eltdf-testimonial-text-holder\">\n                                                                <p class=\"eltdf-testimonial-text\" style=\"padding: 0 19%\">In momentul in care ne-am decis asupra nun\u021bii noastre am \u0219tiut ca pe l\u00e2ng\u0103 tot ce este necesar aveam nevoie de un fotograf care sa creeze din nunta noastr\u0103 o poveste. Dup\u0103 mult\u0103 c\u0103ut\u0103ri l-am g\u0103sit pe Alpar \u0219i am fost at\u00e2t de \u00eenc\u00e2nta\u021bi sa \u0219tim ca este disponibil. Omul acesta nu este un simplu fotograf, in ziua nun\u021bii te ajuta cu orice, de la realizarea unor amintiri in cele ai bune cadre, la g\u0103sirea decora\u021biunilor necesare in cazul in care ai r\u0103mas in pana de idei, pana la oferirea de motive pentru a te relaxa \u0219i a te bucura de ziua ta special\u0103. A fost un mare noroc sa putem lucra cu Alpar, sa descoperim c\u00e2t de profesionist este, mereu dispus\u0103 sa \u00eenve\u021be lucruri noi \u0219i sa se perfec\u021bioneze. Noi \u0219tim ca la fiecare eveniment de acuma \u00eenainte singurul fotograf pe care \u00eel dorm este Alpar. O sa fim mereu sigur ca treaba mai bune nu exista \u0219i ca avem cele mai frumoase amintiri imortalizate de un adev\u0103rat profesionist.<\/p>\n                                                                <h6 class=\"eltdf-testimonial-author\">\n                            <span class=\"eltdf-testimonials-author-name\">Iulia &amp; Gabriel<\/span>\n                                                    <\/h6>\n                                    <\/div>\n            <\/div>\n\n    \n            <div class=\"eltdf-testimonial-content\" id=\"eltdf-testimonials-8335\">\n                <div class=\"eltdf-testimonial-text-holder\">\n                                                                <p class=\"eltdf-testimonial-text\" style=\"padding: 0 19%\">O zi miraculoas\u0103! O nunt\u0103 miraculoas\u0103! Re\u021beta pentru nunta perfect\u0103 este de a avea oamenii potrivi\u021bi de partea ta. E valabil pentru partenerul t\u0103u, cu care \u00een ziua nun\u021bii te vei sim\u021bi eliberat. Acest lucru este valabil pentru membrii familiei care v\u0103 pot ajuta \u0219i sf\u0103tui \u00een timp ce v\u0103 respect\u0103 ideile. \u0218i asta e valabil pentru fotograf! Pentru noi, cel mai important aspect al alegerii unui fotograf a fost de a captura evenimentele a\u0219a cum s-au \u00eent\u00e2mplat! Alpar a adus ideile sale creative respect\u00e2nd \u00een acela\u0219i timp ideile noastre! Nu am vrut s\u0103 privim \u00eenapoi la un produs de art\u0103 de-a lungul anilor, ci la str\u0103lucirea din ochi, dragostea, bucuria, momentele amuzante \u0219i gafele. \u0218i a\u0219a a fost perfect pentru noi! Alpar a capturat o mul\u021bime de emo\u021bii pentru noi \u00een imagini, pentru care suntem recunosc\u0103tori! Flexibilitate, creativitate, profesionalism \u2013 noi amprimitpe toate acestea ! Mul\u021bumim \u00eenc\u0103 odat\u0103, Alpar.<\/p>\n                                                                <h6 class=\"eltdf-testimonial-author\">\n                            <span class=\"eltdf-testimonials-author-name\">Bea &amp; L\u00f3ri<\/span>\n                                                    <\/h6>\n                                    <\/div>\n            <\/div>\n\n    \n    <\/div>\n<\/div>[\/vc_column][\/vc_row]<\/p>\n","protected":false},"excerpt":{"rendered":"<p>[vc_row row_content_width=&#8221;grid&#8221; content_text_aligment=&#8221;left&#8221; css=&#8221;.vc_custom_1583163581687{padding-top: 45px !important;padding-bottom: 45px !important;}&#8221;][vc_column][vc_column_text] Prietenos, amuzant, plin de energie \u0219i atent. Acestea sunt cele 4 caracteristici care m\u0103 descriu cel mai bine, iar toat\u0103 lumea le poate observa \u00een timpul evenimentelor. Mi-am cump\u0103rat prima camer\u0103 \u00een 2011, dup\u0103 absolvirea liceului, iar fotografia a devenit rapid una dintre pasiunile mele. Am \u00eenceput s\u0103 fotografiez evenimente mici, dar \u00een timp ce lucram pentru [&hellip;]<\/p>\n","protected":false},"author":1,"featured_media":0,"parent":0,"menu_order":0,"comment_status":"closed","ping_status":"closed","template":"full-width.php","meta":{"footnotes":""},"class_list":["post-11097","page","type-page","status-publish","hentry"],"yoast_head":"<!-- This site is optimized with the Yoast SEO plugin v24.2 - https:\/\/yoast.com\/wordpress\/plugins\/seo\/ -->\n<title>TOTUL ESTE DESPRE MOMENTE - Alpar Lukacsi<\/title>\n<meta name=\"robots\" content=\"index, follow, max-snippet:-1, max-image-preview:large, max-video-preview:-1\" \/>\n<link rel=\"canonical\" href=\"https:\/\/alparlukacsi.com\/about-me\/\" \/>\n<meta property=\"og:locale\" content=\"ro_RO\" \/>\n<meta property=\"og:type\" content=\"article\" \/>\n<meta property=\"og:title\" content=\"TOTUL ESTE DESPRE MOMENTE - Alpar Lukacsi\" \/>\n<meta property=\"og:description\" content=\"[vc_row row_content_width=&#8221;grid&#8221; content_text_aligment=&#8221;left&#8221; css=&#8221;.vc_custom_1583163581687{padding-top: 45px !important;padding-bottom: 45px !important;}&#8221;][vc_column][vc_column_text] Prietenos, amuzant, plin de energie \u0219i atent. Acestea sunt cele 4 caracteristici care m\u0103 descriu cel mai bine, iar toat\u0103 lumea le poate observa \u00een timpul evenimentelor. Mi-am cump\u0103rat prima camer\u0103 \u00een 2011, dup\u0103 absolvirea liceului, iar fotografia a devenit rapid una dintre pasiunile mele. Am \u00eenceput s\u0103 fotografiez evenimente mici, dar \u00een timp ce lucram pentru [&hellip;]\" \/>\n<meta property=\"og:url\" content=\"https:\/\/alparlukacsi.com\/about-me\/\" \/>\n<meta property=\"og:site_name\" content=\"Alpar Lukacsi\" \/>\n<meta property=\"article:modified_time\" content=\"2023-04-01T10:53:24+00:00\" \/>\n<meta name=\"twitter:card\" content=\"summary_large_image\" \/>\n<meta name=\"twitter:label1\" content=\"Timp estimat pentru citire\" \/>\n\t<meta name=\"twitter:data1\" content=\"2 minute\" \/>\n<script type=\"application\/ld+json\" class=\"yoast-schema-graph\">{\"@context\":\"https:\/\/schema.org\",\"@graph\":[{\"@type\":\"WebPage\",\"@id\":\"https:\/\/alparlukacsi.com\/about-me\/\",\"url\":\"https:\/\/alparlukacsi.com\/about-me\/\",\"name\":\"TOTUL ESTE DESPRE MOMENTE - Alpar Lukacsi\",\"isPartOf\":{\"@id\":\"https:\/\/alparlukacsi.com\/#website\"},\"datePublished\":\"2023-04-01T10:53:21+00:00\",\"dateModified\":\"2023-04-01T10:53:24+00:00\",\"breadcrumb\":{\"@id\":\"https:\/\/alparlukacsi.com\/about-me\/#breadcrumb\"},\"inLanguage\":\"ro-RO\",\"potentialAction\":[{\"@type\":\"ReadAction\",\"target\":[\"https:\/\/alparlukacsi.com\/about-me\/\"]}]},{\"@type\":\"BreadcrumbList\",\"@id\":\"https:\/\/alparlukacsi.com\/about-me\/#breadcrumb\",\"itemListElement\":[{\"@type\":\"ListItem\",\"position\":1,\"name\":\"Home\",\"item\":\"https:\/\/alparlukacsi.com\/\"},{\"@type\":\"ListItem\",\"position\":2,\"name\":\"TOTUL ESTE DESPRE MOMENTE\"}]},{\"@type\":\"WebSite\",\"@id\":\"https:\/\/alparlukacsi.com\/#website\",\"url\":\"https:\/\/alparlukacsi.com\/\",\"name\":\"Alpar Lukacsi\",\"description\":\"IT\u2019S ALL ABOUT MOMENTS\",\"potentialAction\":[{\"@type\":\"SearchAction\",\"target\":{\"@type\":\"EntryPoint\",\"urlTemplate\":\"https:\/\/alparlukacsi.com\/?s={search_term_string}\"},\"query-input\":{\"@type\":\"PropertyValueSpecification\",\"valueRequired\":true,\"valueName\":\"search_term_string\"}}],\"inLanguage\":\"ro-RO\"}]}<\/script>\n<!-- \/ Yoast SEO plugin. -->","yoast_head_json":{"title":"TOTUL ESTE DESPRE MOMENTE - Alpar Lukacsi","robots":{"index":"index","follow":"follow","max-snippet":"max-snippet:-1","max-image-preview":"max-image-preview:large","max-video-preview":"max-video-preview:-1"},"canonical":"https:\/\/alparlukacsi.com\/about-me\/","og_locale":"ro_RO","og_type":"article","og_title":"TOTUL ESTE DESPRE MOMENTE - Alpar Lukacsi","og_description":"[vc_row row_content_width=&#8221;grid&#8221; content_text_aligment=&#8221;left&#8221; css=&#8221;.vc_custom_1583163581687{padding-top: 45px !important;padding-bottom: 45px !important;}&#8221;][vc_column][vc_column_text] Prietenos, amuzant, plin de energie \u0219i atent. Acestea sunt cele 4 caracteristici care m\u0103 descriu cel mai bine, iar toat\u0103 lumea le poate observa \u00een timpul evenimentelor. Mi-am cump\u0103rat prima camer\u0103 \u00een 2011, dup\u0103 absolvirea liceului, iar fotografia a devenit rapid una dintre pasiunile mele. Am \u00eenceput s\u0103 fotografiez evenimente mici, dar \u00een timp ce lucram pentru [&hellip;]","og_url":"https:\/\/alparlukacsi.com\/about-me\/","og_site_name":"Alpar Lukacsi","article_modified_time":"2023-04-01T10:53:24+00:00","twitter_card":"summary_large_image","twitter_misc":{"Timp estimat pentru citire":"2 minute"},"schema":{"@context":"https:\/\/schema.org","@graph":[{"@type":"WebPage","@id":"https:\/\/alparlukacsi.com\/about-me\/","url":"https:\/\/alparlukacsi.com\/about-me\/","name":"TOTUL ESTE DESPRE MOMENTE - Alpar Lukacsi","isPartOf":{"@id":"https:\/\/alparlukacsi.com\/#website"},"datePublished":"2023-04-01T10:53:21+00:00","dateModified":"2023-04-01T10:53:24+00:00","breadcrumb":{"@id":"https:\/\/alparlukacsi.com\/about-me\/#breadcrumb"},"inLanguage":"ro-RO","potentialAction":[{"@type":"ReadAction","target":["https:\/\/alparlukacsi.com\/about-me\/"]}]},{"@type":"BreadcrumbList","@id":"https:\/\/alparlukacsi.com\/about-me\/#breadcrumb","itemListElement":[{"@type":"ListItem","position":1,"name":"Home","item":"https:\/\/alparlukacsi.com\/"},{"@type":"ListItem","position":2,"name":"TOTUL ESTE DESPRE MOMENTE"}]},{"@type":"WebSite","@id":"https:\/\/alparlukacsi.com\/#website","url":"https:\/\/alparlukacsi.com\/","name":"Alpar Lukacsi","description":"IT\u2019S ALL ABOUT MOMENTS","potentialAction":[{"@type":"SearchAction","target":{"@type":"EntryPoint","urlTemplate":"https:\/\/alparlukacsi.com\/?s={search_term_string}"},"query-input":{"@type":"PropertyValueSpecification","valueRequired":true,"valueName":"search_term_string"}}],"inLanguage":"ro-RO"}]}},"_links":{"self":[{"href":"https:\/\/alparlukacsi.com\/ro\/wp-json\/wp\/v2\/pages\/11097","targetHints":{"allow":["GET"]}}],"collection":[{"href":"https:\/\/alparlukacsi.com\/ro\/wp-json\/wp\/v2\/pages"}],"about":[{"href":"https:\/\/alparlukacsi.com\/ro\/wp-json\/wp\/v2\/types\/page"}],"author":[{"embeddable":true,"href":"https:\/\/alparlukacsi.com\/ro\/wp-json\/wp\/v2\/users\/1"}],"replies":[{"embeddable":true,"href":"https:\/\/alparlukacsi.com\/ro\/wp-json\/wp\/v2\/comments?post=11097"}],"version-history":[{"count":2,"href":"https:\/\/alparlukacsi.com\/ro\/wp-json\/wp\/v2\/pages\/11097\/revisions"}],"predecessor-version":[{"id":11099,"href":"https:\/\/alparlukacsi.com\/ro\/wp-json\/wp\/v2\/pages\/11097\/revisions\/11099"}],"wp:attachment":[{"href":"https:\/\/alparlukacsi.com\/ro\/wp-json\/wp\/v2\/media?parent=11097"}],"curies":[{"name":"wp","href":"https:\/\/api.w.org\/{rel}","templated":true}]}}