{"id":11037,"date":"2022-05-09T13:40:30","date_gmt":"2022-05-09T11:40:30","guid":{"rendered":"https:\/\/alparlukacsi.com\/intrebari\/vii-singur-la-eveniment\/"},"modified":"2022-05-09T13:43:13","modified_gmt":"2022-05-09T11:43:13","slug":"vii-singur-la-eveniment","status":"publish","type":"page","link":"https:\/\/alparlukacsi.com\/ro\/intrebari\/vii-singur-la-eveniment\/","title":{"rendered":"VII SINGUR LA EVENIMENT?"},"content":{"rendered":"<p>[vc_row css=&#8221;.vc_custom_1651749403776{padding-bottom: 30px !important;}&#8221;][vc_column][vc_column_text]Nu, \u00eentotdeauna vin cu un al doilea fotograf. De ce doi? Pentru c\u0103 vrem s\u0103 ne asigur\u0103m c\u0103 fiecare moment este capturat. Vrem s\u0103 v\u0103 oferim un eveniment bine documentat \u0219i pentru asta avem nevoie de 4 ochi, unghiuri diferite \/ pozi\u021bii \u0219i dou\u0103 creiere. Desigur, de cele mai multe ori la preg\u0103tirile suntem separat, unul dintre noi la mireas\u0103, cel\u0103lalt la mire.[\/vc_column_text][\/vc_column][\/vc_row]<\/p>\n","protected":false},"excerpt":{"rendered":"<p>[vc_row css=&#8221;.vc_custom_1651749403776{padding-bottom: 30px !important;}&#8221;][vc_column][vc_column_text]Nu, \u00eentotdeauna vin cu un al doilea fotograf. De ce doi? Pentru c\u0103 vrem s\u0103 ne asigur\u0103m c\u0103 fiecare moment este capturat. Vrem s\u0103 v\u0103 oferim un eveniment bine documentat \u0219i pentru asta avem nevoie de 4 ochi, unghiuri diferite \/ pozi\u021bii \u0219i dou\u0103 creiere. Desigur, de cele mai multe ori la preg\u0103tirile suntem separat, unul dintre noi la mireas\u0103, cel\u0103lalt la [&hellip;]<\/p>\n","protected":false},"author":1,"featured_media":0,"parent":8206,"menu_order":0,"comment_status":"closed","ping_status":"closed","template":"","meta":{"footnotes":""},"class_list":["post-11037","page","type-page","status-publish","hentry"],"yoast_head":"<!-- This site is optimized with the Yoast SEO plugin v24.2 - https:\/\/yoast.com\/wordpress\/plugins\/seo\/ -->\n<title>VII SINGUR LA EVENIMENT? - Alpar Lukacsi<\/title>\n<meta name=\"robots\" content=\"index, follow, max-snippet:-1, max-image-preview:large, max-video-preview:-1\" \/>\n<link rel=\"canonical\" href=\"https:\/\/alparlukacsi.com\/ro\/intrebari\/vii-singur-la-eveniment\/\" \/>\n<meta property=\"og:locale\" content=\"ro_RO\" \/>\n<meta property=\"og:type\" content=\"article\" \/>\n<meta property=\"og:title\" content=\"VII SINGUR LA EVENIMENT? - Alpar Lukacsi\" \/>\n<meta property=\"og:description\" content=\"[vc_row css=&#8221;.vc_custom_1651749403776{padding-bottom: 30px !important;}&#8221;][vc_column][vc_column_text]Nu, \u00eentotdeauna vin cu un al doilea fotograf. De ce doi? Pentru c\u0103 vrem s\u0103 ne asigur\u0103m c\u0103 fiecare moment este capturat. Vrem s\u0103 v\u0103 oferim un eveniment bine documentat \u0219i pentru asta avem nevoie de 4 ochi, unghiuri diferite \/ pozi\u021bii \u0219i dou\u0103 creiere. Desigur, de cele mai multe ori la preg\u0103tirile suntem separat, unul dintre noi la mireas\u0103, cel\u0103lalt la [&hellip;]\" \/>\n<meta property=\"og:url\" content=\"https:\/\/alparlukacsi.com\/ro\/intrebari\/vii-singur-la-eveniment\/\" \/>\n<meta property=\"og:site_name\" content=\"Alpar Lukacsi\" \/>\n<meta property=\"article:modified_time\" content=\"2022-05-09T11:43:13+00:00\" \/>\n<meta name=\"twitter:card\" content=\"summary_large_image\" \/>\n<script type=\"application\/ld+json\" class=\"yoast-schema-graph\">{\"@context\":\"https:\/\/schema.org\",\"@graph\":[{\"@type\":\"WebPage\",\"@id\":\"https:\/\/alparlukacsi.com\/ro\/intrebari\/vii-singur-la-eveniment\/\",\"url\":\"https:\/\/alparlukacsi.com\/ro\/intrebari\/vii-singur-la-eveniment\/\",\"name\":\"VII SINGUR LA EVENIMENT? - Alpar Lukacsi\",\"isPartOf\":{\"@id\":\"https:\/\/alparlukacsi.com\/#website\"},\"datePublished\":\"2022-05-09T11:40:30+00:00\",\"dateModified\":\"2022-05-09T11:43:13+00:00\",\"breadcrumb\":{\"@id\":\"https:\/\/alparlukacsi.com\/ro\/intrebari\/vii-singur-la-eveniment\/#breadcrumb\"},\"inLanguage\":\"ro-RO\",\"potentialAction\":[{\"@type\":\"ReadAction\",\"target\":[\"https:\/\/alparlukacsi.com\/ro\/intrebari\/vii-singur-la-eveniment\/\"]}]},{\"@type\":\"BreadcrumbList\",\"@id\":\"https:\/\/alparlukacsi.com\/ro\/intrebari\/vii-singur-la-eveniment\/#breadcrumb\",\"itemListElement\":[{\"@type\":\"ListItem\",\"position\":1,\"name\":\"Home\",\"item\":\"https:\/\/alparlukacsi.com\/\"},{\"@type\":\"ListItem\",\"position\":2,\"name\":\"Informa\u021bii utile\",\"item\":\"https:\/\/alparlukacsi.com\/ro\/intrebari\/\"},{\"@type\":\"ListItem\",\"position\":3,\"name\":\"VII SINGUR LA EVENIMENT?\"}]},{\"@type\":\"WebSite\",\"@id\":\"https:\/\/alparlukacsi.com\/#website\",\"url\":\"https:\/\/alparlukacsi.com\/\",\"name\":\"Alpar Lukacsi\",\"description\":\"IT\u2019S ALL ABOUT MOMENTS\",\"potentialAction\":[{\"@type\":\"SearchAction\",\"target\":{\"@type\":\"EntryPoint\",\"urlTemplate\":\"https:\/\/alparlukacsi.com\/?s={search_term_string}\"},\"query-input\":{\"@type\":\"PropertyValueSpecification\",\"valueRequired\":true,\"valueName\":\"search_term_string\"}}],\"inLanguage\":\"ro-RO\"}]}<\/script>\n<!-- \/ Yoast SEO plugin. -->","yoast_head_json":{"title":"VII SINGUR LA EVENIMENT? - Alpar Lukacsi","robots":{"index":"index","follow":"follow","max-snippet":"max-snippet:-1","max-image-preview":"max-image-preview:large","max-video-preview":"max-video-preview:-1"},"canonical":"https:\/\/alparlukacsi.com\/ro\/intrebari\/vii-singur-la-eveniment\/","og_locale":"ro_RO","og_type":"article","og_title":"VII SINGUR LA EVENIMENT? - Alpar Lukacsi","og_description":"[vc_row css=&#8221;.vc_custom_1651749403776{padding-bottom: 30px !important;}&#8221;][vc_column][vc_column_text]Nu, \u00eentotdeauna vin cu un al doilea fotograf. De ce doi? Pentru c\u0103 vrem s\u0103 ne asigur\u0103m c\u0103 fiecare moment este capturat. Vrem s\u0103 v\u0103 oferim un eveniment bine documentat \u0219i pentru asta avem nevoie de 4 ochi, unghiuri diferite \/ pozi\u021bii \u0219i dou\u0103 creiere. Desigur, de cele mai multe ori la preg\u0103tirile suntem separat, unul dintre noi la mireas\u0103, cel\u0103lalt la [&hellip;]","og_url":"https:\/\/alparlukacsi.com\/ro\/intrebari\/vii-singur-la-eveniment\/","og_site_name":"Alpar Lukacsi","article_modified_time":"2022-05-09T11:43:13+00:00","twitter_card":"summary_large_image","schema":{"@context":"https:\/\/schema.org","@graph":[{"@type":"WebPage","@id":"https:\/\/alparlukacsi.com\/ro\/intrebari\/vii-singur-la-eveniment\/","url":"https:\/\/alparlukacsi.com\/ro\/intrebari\/vii-singur-la-eveniment\/","name":"VII SINGUR LA EVENIMENT? - Alpar Lukacsi","isPartOf":{"@id":"https:\/\/alparlukacsi.com\/#website"},"datePublished":"2022-05-09T11:40:30+00:00","dateModified":"2022-05-09T11:43:13+00:00","breadcrumb":{"@id":"https:\/\/alparlukacsi.com\/ro\/intrebari\/vii-singur-la-eveniment\/#breadcrumb"},"inLanguage":"ro-RO","potentialAction":[{"@type":"ReadAction","target":["https:\/\/alparlukacsi.com\/ro\/intrebari\/vii-singur-la-eveniment\/"]}]},{"@type":"BreadcrumbList","@id":"https:\/\/alparlukacsi.com\/ro\/intrebari\/vii-singur-la-eveniment\/#breadcrumb","itemListElement":[{"@type":"ListItem","position":1,"name":"Home","item":"https:\/\/alparlukacsi.com\/"},{"@type":"ListItem","position":2,"name":"Informa\u021bii utile","item":"https:\/\/alparlukacsi.com\/ro\/intrebari\/"},{"@type":"ListItem","position":3,"name":"VII SINGUR LA EVENIMENT?"}]},{"@type":"WebSite","@id":"https:\/\/alparlukacsi.com\/#website","url":"https:\/\/alparlukacsi.com\/","name":"Alpar Lukacsi","description":"IT\u2019S ALL ABOUT MOMENTS","potentialAction":[{"@type":"SearchAction","target":{"@type":"EntryPoint","urlTemplate":"https:\/\/alparlukacsi.com\/?s={search_term_string}"},"query-input":{"@type":"PropertyValueSpecification","valueRequired":true,"valueName":"search_term_string"}}],"inLanguage":"ro-RO"}]}},"_links":{"self":[{"href":"https:\/\/alparlukacsi.com\/ro\/wp-json\/wp\/v2\/pages\/11037","targetHints":{"allow":["GET"]}}],"collection":[{"href":"https:\/\/alparlukacsi.com\/ro\/wp-json\/wp\/v2\/pages"}],"about":[{"href":"https:\/\/alparlukacsi.com\/ro\/wp-json\/wp\/v2\/types\/page"}],"author":[{"embeddable":true,"href":"https:\/\/alparlukacsi.com\/ro\/wp-json\/wp\/v2\/users\/1"}],"replies":[{"embeddable":true,"href":"https:\/\/alparlukacsi.com\/ro\/wp-json\/wp\/v2\/comments?post=11037"}],"version-history":[{"count":4,"href":"https:\/\/alparlukacsi.com\/ro\/wp-json\/wp\/v2\/pages\/11037\/revisions"}],"predecessor-version":[{"id":11049,"href":"https:\/\/alparlukacsi.com\/ro\/wp-json\/wp\/v2\/pages\/11037\/revisions\/11049"}],"up":[{"embeddable":true,"href":"https:\/\/alparlukacsi.com\/ro\/wp-json\/wp\/v2\/pages\/8206"}],"wp:attachment":[{"href":"https:\/\/alparlukacsi.com\/ro\/wp-json\/wp\/v2\/media?parent=11037"}],"curies":[{"name":"wp","href":"https:\/\/api.w.org\/{rel}","templated":true}]}}