{"id":11028,"date":"2022-05-09T13:38:40","date_gmt":"2022-05-09T11:38:40","guid":{"rendered":"https:\/\/alparlukacsi.com\/intrebari\/cand-vom-primi-fotografiile\/"},"modified":"2022-05-09T13:41:49","modified_gmt":"2022-05-09T11:41:49","slug":"cand-vom-primi-fotografiile","status":"publish","type":"page","link":"https:\/\/alparlukacsi.com\/ro\/intrebari\/cand-vom-primi-fotografiile\/","title":{"rendered":"C\u00c2ND VOM PRIMI FOTOGRAFIILE?"},"content":{"rendered":"<p>[vc_row css=&#8221;.vc_custom_1651749403776{padding-bottom: 30px !important;}&#8221;][vc_column][vc_column_text]<\/p>\n<div class=\"eltdf-accordion-holder eltdf-ac-default faq-container eltdf-toggle eltdf-ac-boxed eltdf-white-skin clearfix accordion ui-accordion ui-accordion-icons ui-widget ui-helper-reset\">\n<div class=\"eltdf-accordion-content ui-accordion-content ui-helper-reset ui-widget-content ui-corner-bottom ui-accordion-content-active\">\n<div class=\"eltdf-accordion-content-inner\">\n<div class=\"wpb_text_column wpb_content_element \">\n<div class=\"wpb_wrapper\">\n<p>De \u00eendat\u0103 ce am terminat de editat. De obicei acest lucru este de aproximativ 4-5 s\u0103pt\u0103m\u00e2ni dup\u0103 nunt\u0103. De asemenea, depinde de c\u00e2t de ocupat este programul \u00een acea perioad\u0103 a anului. Dar, dup\u0103 ziua nun\u021bii, vei primi o previzualizare, \u00een jur de 30 de fotografii pentru a avea unele fotografii proaspete din ziua cea mare!<\/p>\n<\/div>\n<\/div>\n<\/div>\n<\/div>\n<\/div>\n<p>[\/vc_column_text][\/vc_column][\/vc_row]<\/p>\n","protected":false},"excerpt":{"rendered":"<p>[vc_row css=&#8221;.vc_custom_1651749403776{padding-bottom: 30px !important;}&#8221;][vc_column][vc_column_text] De \u00eendat\u0103 ce am terminat de editat. De obicei acest lucru este de aproximativ 4-5 s\u0103pt\u0103m\u00e2ni dup\u0103 nunt\u0103. De asemenea, depinde de c\u00e2t de ocupat este programul \u00een acea perioad\u0103 a anului. Dar, dup\u0103 ziua nun\u021bii, vei primi o previzualizare, \u00een jur de 30 de fotografii pentru a avea unele fotografii proaspete din ziua cea mare! [\/vc_column_text][\/vc_column][\/vc_row]<\/p>\n","protected":false},"author":1,"featured_media":0,"parent":8206,"menu_order":0,"comment_status":"closed","ping_status":"closed","template":"","meta":{"footnotes":""},"class_list":["post-11028","page","type-page","status-publish","hentry"],"yoast_head":"<!-- This site is optimized with the Yoast SEO plugin v24.2 - https:\/\/yoast.com\/wordpress\/plugins\/seo\/ -->\n<title>C\u00c2ND VOM PRIMI FOTOGRAFIILE? - Alpar Lukacsi<\/title>\n<meta name=\"robots\" content=\"index, follow, max-snippet:-1, max-image-preview:large, max-video-preview:-1\" \/>\n<link rel=\"canonical\" href=\"https:\/\/alparlukacsi.com\/ro\/intrebari\/cand-vom-primi-fotografiile\/\" \/>\n<meta property=\"og:locale\" content=\"ro_RO\" \/>\n<meta property=\"og:type\" content=\"article\" \/>\n<meta property=\"og:title\" content=\"C\u00c2ND VOM PRIMI FOTOGRAFIILE? - Alpar Lukacsi\" \/>\n<meta property=\"og:description\" content=\"[vc_row css=&#8221;.vc_custom_1651749403776{padding-bottom: 30px !important;}&#8221;][vc_column][vc_column_text] De \u00eendat\u0103 ce am terminat de editat. De obicei acest lucru este de aproximativ 4-5 s\u0103pt\u0103m\u00e2ni dup\u0103 nunt\u0103. De asemenea, depinde de c\u00e2t de ocupat este programul \u00een acea perioad\u0103 a anului. Dar, dup\u0103 ziua nun\u021bii, vei primi o previzualizare, \u00een jur de 30 de fotografii pentru a avea unele fotografii proaspete din ziua cea mare! [\/vc_column_text][\/vc_column][\/vc_row]\" \/>\n<meta property=\"og:url\" content=\"https:\/\/alparlukacsi.com\/ro\/intrebari\/cand-vom-primi-fotografiile\/\" \/>\n<meta property=\"og:site_name\" content=\"Alpar Lukacsi\" \/>\n<meta property=\"article:modified_time\" content=\"2022-05-09T11:41:49+00:00\" \/>\n<meta name=\"twitter:card\" content=\"summary_large_image\" \/>\n<script type=\"application\/ld+json\" class=\"yoast-schema-graph\">{\"@context\":\"https:\/\/schema.org\",\"@graph\":[{\"@type\":\"WebPage\",\"@id\":\"https:\/\/alparlukacsi.com\/ro\/intrebari\/cand-vom-primi-fotografiile\/\",\"url\":\"https:\/\/alparlukacsi.com\/ro\/intrebari\/cand-vom-primi-fotografiile\/\",\"name\":\"C\u00c2ND VOM PRIMI FOTOGRAFIILE? - Alpar Lukacsi\",\"isPartOf\":{\"@id\":\"https:\/\/alparlukacsi.com\/#website\"},\"datePublished\":\"2022-05-09T11:38:40+00:00\",\"dateModified\":\"2022-05-09T11:41:49+00:00\",\"breadcrumb\":{\"@id\":\"https:\/\/alparlukacsi.com\/ro\/intrebari\/cand-vom-primi-fotografiile\/#breadcrumb\"},\"inLanguage\":\"ro-RO\",\"potentialAction\":[{\"@type\":\"ReadAction\",\"target\":[\"https:\/\/alparlukacsi.com\/ro\/intrebari\/cand-vom-primi-fotografiile\/\"]}]},{\"@type\":\"BreadcrumbList\",\"@id\":\"https:\/\/alparlukacsi.com\/ro\/intrebari\/cand-vom-primi-fotografiile\/#breadcrumb\",\"itemListElement\":[{\"@type\":\"ListItem\",\"position\":1,\"name\":\"Home\",\"item\":\"https:\/\/alparlukacsi.com\/\"},{\"@type\":\"ListItem\",\"position\":2,\"name\":\"Informa\u021bii utile\",\"item\":\"https:\/\/alparlukacsi.com\/ro\/intrebari\/\"},{\"@type\":\"ListItem\",\"position\":3,\"name\":\"C\u00c2ND VOM PRIMI FOTOGRAFIILE?\"}]},{\"@type\":\"WebSite\",\"@id\":\"https:\/\/alparlukacsi.com\/#website\",\"url\":\"https:\/\/alparlukacsi.com\/\",\"name\":\"Alpar Lukacsi\",\"description\":\"IT\u2019S ALL ABOUT MOMENTS\",\"potentialAction\":[{\"@type\":\"SearchAction\",\"target\":{\"@type\":\"EntryPoint\",\"urlTemplate\":\"https:\/\/alparlukacsi.com\/?s={search_term_string}\"},\"query-input\":{\"@type\":\"PropertyValueSpecification\",\"valueRequired\":true,\"valueName\":\"search_term_string\"}}],\"inLanguage\":\"ro-RO\"}]}<\/script>\n<!-- \/ Yoast SEO plugin. -->","yoast_head_json":{"title":"C\u00c2ND VOM PRIMI FOTOGRAFIILE? - Alpar Lukacsi","robots":{"index":"index","follow":"follow","max-snippet":"max-snippet:-1","max-image-preview":"max-image-preview:large","max-video-preview":"max-video-preview:-1"},"canonical":"https:\/\/alparlukacsi.com\/ro\/intrebari\/cand-vom-primi-fotografiile\/","og_locale":"ro_RO","og_type":"article","og_title":"C\u00c2ND VOM PRIMI FOTOGRAFIILE? - Alpar Lukacsi","og_description":"[vc_row css=&#8221;.vc_custom_1651749403776{padding-bottom: 30px !important;}&#8221;][vc_column][vc_column_text] De \u00eendat\u0103 ce am terminat de editat. De obicei acest lucru este de aproximativ 4-5 s\u0103pt\u0103m\u00e2ni dup\u0103 nunt\u0103. De asemenea, depinde de c\u00e2t de ocupat este programul \u00een acea perioad\u0103 a anului. Dar, dup\u0103 ziua nun\u021bii, vei primi o previzualizare, \u00een jur de 30 de fotografii pentru a avea unele fotografii proaspete din ziua cea mare! [\/vc_column_text][\/vc_column][\/vc_row]","og_url":"https:\/\/alparlukacsi.com\/ro\/intrebari\/cand-vom-primi-fotografiile\/","og_site_name":"Alpar Lukacsi","article_modified_time":"2022-05-09T11:41:49+00:00","twitter_card":"summary_large_image","schema":{"@context":"https:\/\/schema.org","@graph":[{"@type":"WebPage","@id":"https:\/\/alparlukacsi.com\/ro\/intrebari\/cand-vom-primi-fotografiile\/","url":"https:\/\/alparlukacsi.com\/ro\/intrebari\/cand-vom-primi-fotografiile\/","name":"C\u00c2ND VOM PRIMI FOTOGRAFIILE? - Alpar Lukacsi","isPartOf":{"@id":"https:\/\/alparlukacsi.com\/#website"},"datePublished":"2022-05-09T11:38:40+00:00","dateModified":"2022-05-09T11:41:49+00:00","breadcrumb":{"@id":"https:\/\/alparlukacsi.com\/ro\/intrebari\/cand-vom-primi-fotografiile\/#breadcrumb"},"inLanguage":"ro-RO","potentialAction":[{"@type":"ReadAction","target":["https:\/\/alparlukacsi.com\/ro\/intrebari\/cand-vom-primi-fotografiile\/"]}]},{"@type":"BreadcrumbList","@id":"https:\/\/alparlukacsi.com\/ro\/intrebari\/cand-vom-primi-fotografiile\/#breadcrumb","itemListElement":[{"@type":"ListItem","position":1,"name":"Home","item":"https:\/\/alparlukacsi.com\/"},{"@type":"ListItem","position":2,"name":"Informa\u021bii utile","item":"https:\/\/alparlukacsi.com\/ro\/intrebari\/"},{"@type":"ListItem","position":3,"name":"C\u00c2ND VOM PRIMI FOTOGRAFIILE?"}]},{"@type":"WebSite","@id":"https:\/\/alparlukacsi.com\/#website","url":"https:\/\/alparlukacsi.com\/","name":"Alpar Lukacsi","description":"IT\u2019S ALL ABOUT MOMENTS","potentialAction":[{"@type":"SearchAction","target":{"@type":"EntryPoint","urlTemplate":"https:\/\/alparlukacsi.com\/?s={search_term_string}"},"query-input":{"@type":"PropertyValueSpecification","valueRequired":true,"valueName":"search_term_string"}}],"inLanguage":"ro-RO"}]}},"_links":{"self":[{"href":"https:\/\/alparlukacsi.com\/ro\/wp-json\/wp\/v2\/pages\/11028","targetHints":{"allow":["GET"]}}],"collection":[{"href":"https:\/\/alparlukacsi.com\/ro\/wp-json\/wp\/v2\/pages"}],"about":[{"href":"https:\/\/alparlukacsi.com\/ro\/wp-json\/wp\/v2\/types\/page"}],"author":[{"embeddable":true,"href":"https:\/\/alparlukacsi.com\/ro\/wp-json\/wp\/v2\/users\/1"}],"replies":[{"embeddable":true,"href":"https:\/\/alparlukacsi.com\/ro\/wp-json\/wp\/v2\/comments?post=11028"}],"version-history":[{"count":4,"href":"https:\/\/alparlukacsi.com\/ro\/wp-json\/wp\/v2\/pages\/11028\/revisions"}],"predecessor-version":[{"id":11043,"href":"https:\/\/alparlukacsi.com\/ro\/wp-json\/wp\/v2\/pages\/11028\/revisions\/11043"}],"up":[{"embeddable":true,"href":"https:\/\/alparlukacsi.com\/ro\/wp-json\/wp\/v2\/pages\/8206"}],"wp:attachment":[{"href":"https:\/\/alparlukacsi.com\/ro\/wp-json\/wp\/v2\/media?parent=11028"}],"curies":[{"name":"wp","href":"https:\/\/api.w.org\/{rel}","templated":true}]}}