{"id":11020,"date":"2022-05-09T13:22:05","date_gmt":"2022-05-09T11:22:05","guid":{"rendered":"https:\/\/alparlukacsi.com\/intrebari\/oferi-si-servicii-video\/"},"modified":"2022-05-09T13:35:57","modified_gmt":"2022-05-09T11:35:57","slug":"oferi-si-servicii-video","status":"publish","type":"page","link":"https:\/\/alparlukacsi.com\/ro\/intrebari\/oferi-si-servicii-video\/","title":{"rendered":"OFERI \u0218I SERVICII VIDEO ?"},"content":{"rendered":"<p>[vc_row css=&#8221;.vc_custom_1651749403776{padding-bottom: 30px !important;}&#8221;][vc_column][vc_column_text]Nu, eu sunt \u201edoar\u201d un fotograf, dar am ni\u0219te colegi foarte talenta\u021bi pe partea de video, deci, dac\u0103 sunte\u021bi \u00een c\u0103utarea unui videograf, pot s\u0103-\u021bi oferim recomand\u0103ri![\/vc_column_text][\/vc_column][\/vc_row]<\/p>\n","protected":false},"excerpt":{"rendered":"<p>[vc_row css=&#8221;.vc_custom_1651749403776{padding-bottom: 30px !important;}&#8221;][vc_column][vc_column_text]Nu, eu sunt \u201edoar\u201d un fotograf, dar am ni\u0219te colegi foarte talenta\u021bi pe partea de video, deci, dac\u0103 sunte\u021bi \u00een c\u0103utarea unui videograf, pot s\u0103-\u021bi oferim recomand\u0103ri![\/vc_column_text][\/vc_column][\/vc_row]<\/p>\n","protected":false},"author":1,"featured_media":0,"parent":8206,"menu_order":0,"comment_status":"closed","ping_status":"closed","template":"","meta":{"footnotes":""},"class_list":["post-11020","page","type-page","status-publish","hentry"],"yoast_head":"<!-- This site is optimized with the Yoast SEO plugin v24.2 - https:\/\/yoast.com\/wordpress\/plugins\/seo\/ -->\n<title>OFERI \u0218I SERVICII VIDEO ? - Alpar Lukacsi<\/title>\n<meta name=\"robots\" content=\"index, follow, max-snippet:-1, max-image-preview:large, max-video-preview:-1\" \/>\n<link rel=\"canonical\" href=\"https:\/\/alparlukacsi.com\/ro\/intrebari\/oferi-si-servicii-video\/\" \/>\n<meta property=\"og:locale\" content=\"ro_RO\" \/>\n<meta property=\"og:type\" content=\"article\" \/>\n<meta property=\"og:title\" content=\"OFERI \u0218I SERVICII VIDEO ? - Alpar Lukacsi\" \/>\n<meta property=\"og:description\" content=\"[vc_row css=&#8221;.vc_custom_1651749403776{padding-bottom: 30px !important;}&#8221;][vc_column][vc_column_text]Nu, eu sunt \u201edoar\u201d un fotograf, dar am ni\u0219te colegi foarte talenta\u021bi pe partea de video, deci, dac\u0103 sunte\u021bi \u00een c\u0103utarea unui videograf, pot s\u0103-\u021bi oferim recomand\u0103ri![\/vc_column_text][\/vc_column][\/vc_row]\" \/>\n<meta property=\"og:url\" content=\"https:\/\/alparlukacsi.com\/ro\/intrebari\/oferi-si-servicii-video\/\" \/>\n<meta property=\"og:site_name\" content=\"Alpar Lukacsi\" \/>\n<meta property=\"article:modified_time\" content=\"2022-05-09T11:35:57+00:00\" \/>\n<meta name=\"twitter:card\" content=\"summary_large_image\" \/>\n<script type=\"application\/ld+json\" class=\"yoast-schema-graph\">{\"@context\":\"https:\/\/schema.org\",\"@graph\":[{\"@type\":\"WebPage\",\"@id\":\"https:\/\/alparlukacsi.com\/ro\/intrebari\/oferi-si-servicii-video\/\",\"url\":\"https:\/\/alparlukacsi.com\/ro\/intrebari\/oferi-si-servicii-video\/\",\"name\":\"OFERI \u0218I SERVICII VIDEO ? - Alpar Lukacsi\",\"isPartOf\":{\"@id\":\"https:\/\/alparlukacsi.com\/#website\"},\"datePublished\":\"2022-05-09T11:22:05+00:00\",\"dateModified\":\"2022-05-09T11:35:57+00:00\",\"breadcrumb\":{\"@id\":\"https:\/\/alparlukacsi.com\/ro\/intrebari\/oferi-si-servicii-video\/#breadcrumb\"},\"inLanguage\":\"ro-RO\",\"potentialAction\":[{\"@type\":\"ReadAction\",\"target\":[\"https:\/\/alparlukacsi.com\/ro\/intrebari\/oferi-si-servicii-video\/\"]}]},{\"@type\":\"BreadcrumbList\",\"@id\":\"https:\/\/alparlukacsi.com\/ro\/intrebari\/oferi-si-servicii-video\/#breadcrumb\",\"itemListElement\":[{\"@type\":\"ListItem\",\"position\":1,\"name\":\"Home\",\"item\":\"https:\/\/alparlukacsi.com\/\"},{\"@type\":\"ListItem\",\"position\":2,\"name\":\"Informa\u021bii utile\",\"item\":\"https:\/\/alparlukacsi.com\/ro\/intrebari\/\"},{\"@type\":\"ListItem\",\"position\":3,\"name\":\"OFERI \u0218I SERVICII VIDEO ?\"}]},{\"@type\":\"WebSite\",\"@id\":\"https:\/\/alparlukacsi.com\/#website\",\"url\":\"https:\/\/alparlukacsi.com\/\",\"name\":\"Alpar Lukacsi\",\"description\":\"IT\u2019S ALL ABOUT MOMENTS\",\"potentialAction\":[{\"@type\":\"SearchAction\",\"target\":{\"@type\":\"EntryPoint\",\"urlTemplate\":\"https:\/\/alparlukacsi.com\/?s={search_term_string}\"},\"query-input\":{\"@type\":\"PropertyValueSpecification\",\"valueRequired\":true,\"valueName\":\"search_term_string\"}}],\"inLanguage\":\"ro-RO\"}]}<\/script>\n<!-- \/ Yoast SEO plugin. -->","yoast_head_json":{"title":"OFERI \u0218I SERVICII VIDEO ? - Alpar Lukacsi","robots":{"index":"index","follow":"follow","max-snippet":"max-snippet:-1","max-image-preview":"max-image-preview:large","max-video-preview":"max-video-preview:-1"},"canonical":"https:\/\/alparlukacsi.com\/ro\/intrebari\/oferi-si-servicii-video\/","og_locale":"ro_RO","og_type":"article","og_title":"OFERI \u0218I SERVICII VIDEO ? - Alpar Lukacsi","og_description":"[vc_row css=&#8221;.vc_custom_1651749403776{padding-bottom: 30px !important;}&#8221;][vc_column][vc_column_text]Nu, eu sunt \u201edoar\u201d un fotograf, dar am ni\u0219te colegi foarte talenta\u021bi pe partea de video, deci, dac\u0103 sunte\u021bi \u00een c\u0103utarea unui videograf, pot s\u0103-\u021bi oferim recomand\u0103ri![\/vc_column_text][\/vc_column][\/vc_row]","og_url":"https:\/\/alparlukacsi.com\/ro\/intrebari\/oferi-si-servicii-video\/","og_site_name":"Alpar Lukacsi","article_modified_time":"2022-05-09T11:35:57+00:00","twitter_card":"summary_large_image","schema":{"@context":"https:\/\/schema.org","@graph":[{"@type":"WebPage","@id":"https:\/\/alparlukacsi.com\/ro\/intrebari\/oferi-si-servicii-video\/","url":"https:\/\/alparlukacsi.com\/ro\/intrebari\/oferi-si-servicii-video\/","name":"OFERI \u0218I SERVICII VIDEO ? - Alpar Lukacsi","isPartOf":{"@id":"https:\/\/alparlukacsi.com\/#website"},"datePublished":"2022-05-09T11:22:05+00:00","dateModified":"2022-05-09T11:35:57+00:00","breadcrumb":{"@id":"https:\/\/alparlukacsi.com\/ro\/intrebari\/oferi-si-servicii-video\/#breadcrumb"},"inLanguage":"ro-RO","potentialAction":[{"@type":"ReadAction","target":["https:\/\/alparlukacsi.com\/ro\/intrebari\/oferi-si-servicii-video\/"]}]},{"@type":"BreadcrumbList","@id":"https:\/\/alparlukacsi.com\/ro\/intrebari\/oferi-si-servicii-video\/#breadcrumb","itemListElement":[{"@type":"ListItem","position":1,"name":"Home","item":"https:\/\/alparlukacsi.com\/"},{"@type":"ListItem","position":2,"name":"Informa\u021bii utile","item":"https:\/\/alparlukacsi.com\/ro\/intrebari\/"},{"@type":"ListItem","position":3,"name":"OFERI \u0218I SERVICII VIDEO ?"}]},{"@type":"WebSite","@id":"https:\/\/alparlukacsi.com\/#website","url":"https:\/\/alparlukacsi.com\/","name":"Alpar Lukacsi","description":"IT\u2019S ALL ABOUT MOMENTS","potentialAction":[{"@type":"SearchAction","target":{"@type":"EntryPoint","urlTemplate":"https:\/\/alparlukacsi.com\/?s={search_term_string}"},"query-input":{"@type":"PropertyValueSpecification","valueRequired":true,"valueName":"search_term_string"}}],"inLanguage":"ro-RO"}]}},"_links":{"self":[{"href":"https:\/\/alparlukacsi.com\/ro\/wp-json\/wp\/v2\/pages\/11020","targetHints":{"allow":["GET"]}}],"collection":[{"href":"https:\/\/alparlukacsi.com\/ro\/wp-json\/wp\/v2\/pages"}],"about":[{"href":"https:\/\/alparlukacsi.com\/ro\/wp-json\/wp\/v2\/types\/page"}],"author":[{"embeddable":true,"href":"https:\/\/alparlukacsi.com\/ro\/wp-json\/wp\/v2\/users\/1"}],"replies":[{"embeddable":true,"href":"https:\/\/alparlukacsi.com\/ro\/wp-json\/wp\/v2\/comments?post=11020"}],"version-history":[{"count":4,"href":"https:\/\/alparlukacsi.com\/ro\/wp-json\/wp\/v2\/pages\/11020\/revisions"}],"predecessor-version":[{"id":11024,"href":"https:\/\/alparlukacsi.com\/ro\/wp-json\/wp\/v2\/pages\/11020\/revisions\/11024"}],"up":[{"embeddable":true,"href":"https:\/\/alparlukacsi.com\/ro\/wp-json\/wp\/v2\/pages\/8206"}],"wp:attachment":[{"href":"https:\/\/alparlukacsi.com\/ro\/wp-json\/wp\/v2\/media?parent=11020"}],"curies":[{"name":"wp","href":"https:\/\/api.w.org\/{rel}","templated":true}]}}