{"id":8198,"date":"2020-03-26T15:48:26","date_gmt":"2020-03-26T13:48:26","guid":{"rendered":"https:\/\/alparlukacsi.ro\/?page_id=8198"},"modified":"2022-05-06T09:11:30","modified_gmt":"2022-05-06T07:11:30","slug":"kapcsolat","status":"publish","type":"page","link":"https:\/\/alparlukacsi.com\/hu\/kapcsolat\/","title":{"rendered":"KAPCSOLAT"},"content":{"rendered":"<p>[vc_row row_content_width=&#8221;grid&#8221; css=&#8221;.vc_custom_1583163456807{padding-top: 45px !important;}&#8221;][vc_column]<div class=\"eltdf-section-title-holder  eltdf-st-standard  \" style=\"text-align: center\">\n\t<div class=\"eltdf-st-inner\">\n        <div class=\"eltdf-st-image\" style=\"margin-bottom: 0px\">\n                    <\/div>\n\t\t\t\t\t\t\t<span class=\"eltdf-st-text\" style=\"color: #391e08;margin-top: 14px\">\n\t\t\t\t\u00d6r\u00fcl\u00f6k, hogy ezen az oldalon, ez azt jelenti, hogy tetszik, amit csin\u00e1lok. Hagyjon \u00fczenetet, vagy h\u00edvjon fel, hogy tov\u00e1bbi r\u00e9szleteket besz\u00e9lhessek az esem\u00e9nyr\u0151l.\t\t\t<\/span>\n\t\t\t<\/div>\n<\/div>[\/vc_column][\/vc_row][vc_row row_content_width=&#8221;grid&#8221; css=&#8221;.vc_custom_1651575733187{padding-top: 90px !important;padding-bottom: 30px !important;}&#8221;][vc_column width=&#8221;1\/4&#8243; el_class=&#8221;contact-us-left-col&#8221; css=&#8221;.vc_custom_1651748026273{margin-bottom: 20px !important;padding-right: 40px !important;padding-bottom: 30px !important;}&#8221;][vc_column_text]El\u00e9rhet\u0151s\u00e9geim:[\/vc_column_text][vc_empty_space height=&#8221;16px&#8221;]<div class=\"eltdf-iwt clearfix  eltdf-iwt-icon-left eltdf-iwt-icon-medium\">\n\t<div class=\"eltdf-iwt-icon\">\n\t\t\t\t\t<a itemprop=\"url\" href=\"tel:0747368811\" target=\"_self\">\n\t\t\t\t\t\t\t\t\t    <span class=\"eltdf-icon-shortcode eltdf-normal   eltdf-icon-medium\"  data-hover-color=\"#121f38\" data-color=\"#ce8f6f\">\n                    <i class=\"eltdf-icon-ion-icon ion-ios-telephone-outline eltdf-icon-element\" style=\"color: #ce8f6f;font-size:25px\" ><\/i>            <\/span>\n\t\t\t\t\t\t\t\t<\/a>\n\t\t\t<\/div>\n\t<div class=\"eltdf-iwt-content\" >\n\t\t\t\t\t<p class=\"eltdf-iwt-title\" style=\"margin-top: -6px\">\n\t\t\t\t\t\t\t\t\t<a itemprop=\"url\" href=\"tel:0747368811\" target=\"_self\">\n\t\t\t\t\t\t\t\t<span class=\"eltdf-iwt-title-text\">+0747 368 811<\/span>\n\t\t\t\t\t\t\t\t\t<\/a>\n\t\t\t\t\t\t\t<\/p>\n\t\t\t\t\t\t<\/div>\n<\/div>[vc_empty_space height=&#8221;17px&#8221;]<div class=\"eltdf-iwt clearfix  eltdf-iwt-icon-left eltdf-iwt-icon-medium\">\n\t<div class=\"eltdf-iwt-icon\">\n\t\t\t\t\t<a itemprop=\"url\" href=\"mailto:hello@alparlukacsi.ro\" target=\"_self\">\n\t\t\t\t\t\t\t\t\t    <span class=\"eltdf-icon-shortcode eltdf-normal   eltdf-icon-medium\"  data-hover-color=\"#121f38\" data-color=\"#ce8f6f\">\n                    <i class=\"eltdf-icon-ion-icon ion-ios-chatboxes-outline eltdf-icon-element\" style=\"color: #ce8f6f;font-size:25px\" ><\/i>            <\/span>\n\t\t\t\t\t\t\t\t<\/a>\n\t\t\t<\/div>\n\t<div class=\"eltdf-iwt-content\" >\n\t\t\t\t\t<p class=\"eltdf-iwt-title\" style=\"margin-top: -6px\">\n\t\t\t\t\t\t\t\t\t<a itemprop=\"url\" href=\"mailto:hello@alparlukacsi.ro\" target=\"_self\">\n\t\t\t\t\t\t\t\t<span class=\"eltdf-iwt-title-text\">hello@alparlukacsi.ro<\/span>\n\t\t\t\t\t\t\t\t\t<\/a>\n\t\t\t\t\t\t\t<\/p>\n\t\t\t\t\t\t<\/div>\n<\/div>[\/vc_column][vc_column width=&#8221;3\/4&#8243;]<div class=\"wpforms-container wpforms-container-full\" id=\"wpforms-10949\"><form id=\"wpforms-form-10949\" class=\"wpforms-validate wpforms-form wpforms-ajax-form\" data-formid=\"10949\" method=\"post\" enctype=\"multipart\/form-data\" action=\"\/hu\/wp-json\/wp\/v2\/pages\/8198\" data-token=\"da15e81abd5b4725b773dfbdee9d36bb\" data-token-time=\"1775681761\"><noscript class=\"wpforms-error-noscript\">Please enable JavaScript in your browser to complete this form.<\/noscript><div class=\"wpforms-field-container\"><div id=\"wpforms-10949-field_0-container\" class=\"wpforms-field wpforms-field-name\" data-field-id=\"0\"><label class=\"wpforms-field-label wpforms-label-hide\" for=\"wpforms-10949-field_0\">Name <span class=\"wpforms-required-label\">*<\/span><\/label><input type=\"text\" id=\"wpforms-10949-field_0\" class=\"wpforms-field-large wpforms-field-required\" name=\"wpforms[fields][0]\" placeholder=\"N\u00e9v\" required><\/div><div id=\"wpforms-10949-field_1-container\" class=\"wpforms-field wpforms-field-email\" data-field-id=\"1\"><label class=\"wpforms-field-label wpforms-label-hide\" for=\"wpforms-10949-field_1\">Email <span class=\"wpforms-required-label\">*<\/span><\/label><input type=\"email\" id=\"wpforms-10949-field_1\" class=\"wpforms-field-large wpforms-field-required\" name=\"wpforms[fields][1]\" placeholder=\"E-mail\" spellcheck=\"false\" required><\/div><div id=\"wpforms-10949-field_2-container\" class=\"wpforms-field wpforms-field-textarea\" data-field-id=\"2\"><label class=\"wpforms-field-label wpforms-label-hide\" for=\"wpforms-10949-field_2\">Message <span class=\"wpforms-required-label\">*<\/span><\/label><textarea id=\"wpforms-10949-field_2\" class=\"wpforms-field-large wpforms-field-required\" name=\"wpforms[fields][2]\" placeholder=\"\u00dczenet\" required><\/textarea><\/div><div id=\"wpforms-10949-field_3-container\" class=\"wpforms-field wpforms-field-checkbox\" data-field-id=\"3\"><label class=\"wpforms-field-label wpforms-label-hide\">Data security<\/label><ul id=\"wpforms-10949-field_3\"><li class=\"choice-1 depth-1\"><input type=\"checkbox\" id=\"wpforms-10949-field_3_1\" name=\"wpforms[fields][3][]\" value=\"Hozz\u00e1j\u00e1rulok az adatok feldolgoz\u00e1s\u00e1hoz az oldalon r\u00e9szletezett szem\u00e9lyes adatokra vonatkoz\u00f3 adatv\u00e9delmi \u00e9s biztons\u00e1gi szab\u00e1lyzatnak megfelel\u0151en. \"  ><label class=\"wpforms-field-label-inline\" for=\"wpforms-10949-field_3_1\">Hozz\u00e1j\u00e1rulok az adatok feldolgoz\u00e1s\u00e1hoz az oldalon r\u00e9szletezett szem\u00e9lyes adatokra vonatkoz\u00f3 adatv\u00e9delmi \u00e9s biztons\u00e1gi szab\u00e1lyzatnak megfelel\u0151en.<\/label><\/li><\/ul><\/div><\/div><!-- .wpforms-field-container --><div class=\"wpforms-submit-container\" ><input type=\"hidden\" name=\"wpforms[id]\" value=\"10949\"><input type=\"hidden\" name=\"page_title\" value=\"\"><input type=\"hidden\" name=\"page_url\" value=\"https:\/\/alparlukacsi.com\/hu\/wp-json\/wp\/v2\/pages\/8198\"><button type=\"submit\" name=\"wpforms[submit]\" id=\"wpforms-submit-10949\" class=\"wpforms-submit\" data-alt-text=\"K\u00fcld\u00e9s..\" data-submit-text=\"Bek\u00fcld\u00e9s\" aria-live=\"assertive\" value=\"wpforms-submit\">Bek\u00fcld\u00e9s<\/button><img loading=\"lazy\" decoding=\"async\" src=\"https:\/\/alparlukacsi.com\/wp-content\/plugins\/wpforms-lite\/assets\/images\/submit-spin.svg\" class=\"wpforms-submit-spinner\" style=\"display: none;\" width=\"26\" height=\"26\" alt=\"Loading\"><\/div><\/form><\/div>  <!-- .wpforms-container -->[vc_empty_space height=&#8221;14px&#8221;][\/vc_column][\/vc_row]<\/p>\n","protected":false},"excerpt":{"rendered":"<p>[vc_row row_content_width=&#8221;grid&#8221; css=&#8221;.vc_custom_1583163456807{padding-top: 45px !important;}&#8221;][vc_column][\/vc_column][\/vc_row][vc_row row_content_width=&#8221;grid&#8221; css=&#8221;.vc_custom_1651575733187{padding-top: 90px !important;padding-bottom: 30px !important;}&#8221;][vc_column width=&#8221;1\/4&#8243; el_class=&#8221;contact-us-left-col&#8221; css=&#8221;.vc_custom_1651748026273{margin-bottom: 20px !important;padding-right: 40px !important;padding-bottom: 30px !important;}&#8221;][vc_column_text]El\u00e9rhet\u0151s\u00e9geim:[\/vc_column_text][vc_empty_space height=&#8221;16px&#8221;][vc_empty_space height=&#8221;17px&#8221;][\/vc_column][vc_column width=&#8221;3\/4&#8243;][vc_empty_space height=&#8221;14px&#8221;][\/vc_column][\/vc_row]<\/p>\n","protected":false},"author":1,"featured_media":0,"parent":0,"menu_order":0,"comment_status":"closed","ping_status":"closed","template":"full-width.php","meta":{"footnotes":""},"class_list":["post-8198","page","type-page","status-publish","hentry"],"yoast_head":"<!-- This site is optimized with the Yoast SEO plugin v24.2 - https:\/\/yoast.com\/wordpress\/plugins\/seo\/ -->\n<title>KAPCSOLAT - Alpar Lukacsi<\/title>\n<meta name=\"robots\" content=\"index, follow, max-snippet:-1, max-image-preview:large, max-video-preview:-1\" \/>\n<link rel=\"canonical\" href=\"https:\/\/alparlukacsi.com\/hu\/kapcsolat\/\" \/>\n<meta property=\"og:locale\" content=\"hu_HU\" \/>\n<meta property=\"og:type\" content=\"article\" \/>\n<meta property=\"og:title\" content=\"KAPCSOLAT - Alpar Lukacsi\" \/>\n<meta property=\"og:description\" content=\"[vc_row row_content_width=&#8221;grid&#8221; css=&#8221;.vc_custom_1583163456807{padding-top: 45px !important;}&#8221;][vc_column][\/vc_column][\/vc_row][vc_row row_content_width=&#8221;grid&#8221; css=&#8221;.vc_custom_1651575733187{padding-top: 90px !important;padding-bottom: 30px !important;}&#8221;][vc_column width=&#8221;1\/4&#8243; el_class=&#8221;contact-us-left-col&#8221; css=&#8221;.vc_custom_1651748026273{margin-bottom: 20px !important;padding-right: 40px !important;padding-bottom: 30px !important;}&#8221;][vc_column_text]El\u00e9rhet\u0151s\u00e9geim:[\/vc_column_text][vc_empty_space height=&#8221;16px&#8221;][vc_empty_space height=&#8221;17px&#8221;][\/vc_column][vc_column width=&#8221;3\/4&#8243;][vc_empty_space height=&#8221;14px&#8221;][\/vc_column][\/vc_row]\" \/>\n<meta property=\"og:url\" content=\"https:\/\/alparlukacsi.com\/hu\/kapcsolat\/\" \/>\n<meta property=\"og:site_name\" content=\"Alpar Lukacsi\" \/>\n<meta property=\"article:modified_time\" content=\"2022-05-06T07:11:30+00:00\" \/>\n<meta name=\"twitter:card\" content=\"summary_large_image\" \/>\n<meta name=\"twitter:label1\" content=\"Becs\u00fclt olvas\u00e1si id\u0151\" \/>\n\t<meta name=\"twitter:data1\" content=\"1 perc\" \/>\n<script type=\"application\/ld+json\" class=\"yoast-schema-graph\">{\"@context\":\"https:\/\/schema.org\",\"@graph\":[{\"@type\":\"WebPage\",\"@id\":\"https:\/\/alparlukacsi.com\/hu\/kapcsolat\/\",\"url\":\"https:\/\/alparlukacsi.com\/hu\/kapcsolat\/\",\"name\":\"KAPCSOLAT - Alpar Lukacsi\",\"isPartOf\":{\"@id\":\"https:\/\/alparlukacsi.com\/#website\"},\"datePublished\":\"2020-03-26T13:48:26+00:00\",\"dateModified\":\"2022-05-06T07:11:30+00:00\",\"breadcrumb\":{\"@id\":\"https:\/\/alparlukacsi.com\/hu\/kapcsolat\/#breadcrumb\"},\"inLanguage\":\"hu\",\"potentialAction\":[{\"@type\":\"ReadAction\",\"target\":[\"https:\/\/alparlukacsi.com\/hu\/kapcsolat\/\"]}]},{\"@type\":\"BreadcrumbList\",\"@id\":\"https:\/\/alparlukacsi.com\/hu\/kapcsolat\/#breadcrumb\",\"itemListElement\":[{\"@type\":\"ListItem\",\"position\":1,\"name\":\"Home\",\"item\":\"https:\/\/alparlukacsi.com\/\"},{\"@type\":\"ListItem\",\"position\":2,\"name\":\"KAPCSOLAT\"}]},{\"@type\":\"WebSite\",\"@id\":\"https:\/\/alparlukacsi.com\/#website\",\"url\":\"https:\/\/alparlukacsi.com\/\",\"name\":\"Alpar Lukacsi\",\"description\":\"IT\u2019S ALL ABOUT MOMENTS\",\"potentialAction\":[{\"@type\":\"SearchAction\",\"target\":{\"@type\":\"EntryPoint\",\"urlTemplate\":\"https:\/\/alparlukacsi.com\/?s={search_term_string}\"},\"query-input\":{\"@type\":\"PropertyValueSpecification\",\"valueRequired\":true,\"valueName\":\"search_term_string\"}}],\"inLanguage\":\"hu\"}]}<\/script>\n<!-- \/ Yoast SEO plugin. -->","yoast_head_json":{"title":"KAPCSOLAT - Alpar Lukacsi","robots":{"index":"index","follow":"follow","max-snippet":"max-snippet:-1","max-image-preview":"max-image-preview:large","max-video-preview":"max-video-preview:-1"},"canonical":"https:\/\/alparlukacsi.com\/hu\/kapcsolat\/","og_locale":"hu_HU","og_type":"article","og_title":"KAPCSOLAT - Alpar Lukacsi","og_description":"[vc_row row_content_width=&#8221;grid&#8221; css=&#8221;.vc_custom_1583163456807{padding-top: 45px !important;}&#8221;][vc_column][\/vc_column][\/vc_row][vc_row row_content_width=&#8221;grid&#8221; css=&#8221;.vc_custom_1651575733187{padding-top: 90px !important;padding-bottom: 30px !important;}&#8221;][vc_column width=&#8221;1\/4&#8243; el_class=&#8221;contact-us-left-col&#8221; css=&#8221;.vc_custom_1651748026273{margin-bottom: 20px !important;padding-right: 40px !important;padding-bottom: 30px !important;}&#8221;][vc_column_text]El\u00e9rhet\u0151s\u00e9geim:[\/vc_column_text][vc_empty_space height=&#8221;16px&#8221;][vc_empty_space height=&#8221;17px&#8221;][\/vc_column][vc_column width=&#8221;3\/4&#8243;][vc_empty_space height=&#8221;14px&#8221;][\/vc_column][\/vc_row]","og_url":"https:\/\/alparlukacsi.com\/hu\/kapcsolat\/","og_site_name":"Alpar Lukacsi","article_modified_time":"2022-05-06T07:11:30+00:00","twitter_card":"summary_large_image","twitter_misc":{"Becs\u00fclt olvas\u00e1si id\u0151":"1 perc"},"schema":{"@context":"https:\/\/schema.org","@graph":[{"@type":"WebPage","@id":"https:\/\/alparlukacsi.com\/hu\/kapcsolat\/","url":"https:\/\/alparlukacsi.com\/hu\/kapcsolat\/","name":"KAPCSOLAT - Alpar Lukacsi","isPartOf":{"@id":"https:\/\/alparlukacsi.com\/#website"},"datePublished":"2020-03-26T13:48:26+00:00","dateModified":"2022-05-06T07:11:30+00:00","breadcrumb":{"@id":"https:\/\/alparlukacsi.com\/hu\/kapcsolat\/#breadcrumb"},"inLanguage":"hu","potentialAction":[{"@type":"ReadAction","target":["https:\/\/alparlukacsi.com\/hu\/kapcsolat\/"]}]},{"@type":"BreadcrumbList","@id":"https:\/\/alparlukacsi.com\/hu\/kapcsolat\/#breadcrumb","itemListElement":[{"@type":"ListItem","position":1,"name":"Home","item":"https:\/\/alparlukacsi.com\/"},{"@type":"ListItem","position":2,"name":"KAPCSOLAT"}]},{"@type":"WebSite","@id":"https:\/\/alparlukacsi.com\/#website","url":"https:\/\/alparlukacsi.com\/","name":"Alpar Lukacsi","description":"IT\u2019S ALL ABOUT MOMENTS","potentialAction":[{"@type":"SearchAction","target":{"@type":"EntryPoint","urlTemplate":"https:\/\/alparlukacsi.com\/?s={search_term_string}"},"query-input":{"@type":"PropertyValueSpecification","valueRequired":true,"valueName":"search_term_string"}}],"inLanguage":"hu"}]}},"_links":{"self":[{"href":"https:\/\/alparlukacsi.com\/hu\/wp-json\/wp\/v2\/pages\/8198","targetHints":{"allow":["GET"]}}],"collection":[{"href":"https:\/\/alparlukacsi.com\/hu\/wp-json\/wp\/v2\/pages"}],"about":[{"href":"https:\/\/alparlukacsi.com\/hu\/wp-json\/wp\/v2\/types\/page"}],"author":[{"embeddable":true,"href":"https:\/\/alparlukacsi.com\/hu\/wp-json\/wp\/v2\/users\/1"}],"replies":[{"embeddable":true,"href":"https:\/\/alparlukacsi.com\/hu\/wp-json\/wp\/v2\/comments?post=8198"}],"version-history":[{"count":17,"href":"https:\/\/alparlukacsi.com\/hu\/wp-json\/wp\/v2\/pages\/8198\/revisions"}],"predecessor-version":[{"id":10963,"href":"https:\/\/alparlukacsi.com\/hu\/wp-json\/wp\/v2\/pages\/8198\/revisions\/10963"}],"wp:attachment":[{"href":"https:\/\/alparlukacsi.com\/hu\/wp-json\/wp\/v2\/media?parent=8198"}],"curies":[{"name":"wp","href":"https:\/\/api.w.org\/{rel}","templated":true}]}}