{"id":11127,"date":"2023-04-01T13:18:28","date_gmt":"2023-04-01T11:18:28","guid":{"rendered":"https:\/\/alparlukacsi.com\/tortenetek\/"},"modified":"2023-04-01T13:18:29","modified_gmt":"2023-04-01T11:18:29","slug":"tortenetek","status":"publish","type":"page","link":"https:\/\/alparlukacsi.com\/hu\/tortenetek\/","title":{"rendered":"T\u00d6RT\u00c9NETEK"},"content":{"rendered":"<p>[vc_row][vc_column]<div class=\"eltdf-blog-list-holder eltdf-grid-list eltdf-grid-masonry-list eltdf-disable-bottom-space eltdf-bl-masonry eltdf-three-columns eltdf-huge-space eltdf-bl-pag-infinite-scroll\"  data-type=masonry data-number-of-posts=9 data-number-of-columns=three data-space-between-items=huge data-orderby=date data-order=ASC data-image-size=full data-title-tag=h2 data-title-transform=uppercase data-excerpt-length=0 data-post-info-section=no data-post-info-image=yes data-post-info-author=yes data-post-info-date=yes data-post-info-category=yes data-post-info-comments=no data-post-info-like=no data-post-info-share=no data-pagination-type=infinite-scroll data-max-num-pages=1 data-next-page=2>\n\t<div class=\"eltdf-bl-wrapper eltdf-outer-space\">\n\t\t<ul class=\"eltdf-blog-list eltdf-masonry-list-wrapper\">\n\t\t\t<li class=\"eltdf-masonry-grid-sizer\"><\/li>\n\t\t\t<li class=\"eltdf-masonry-grid-gutter\"><\/li>\n\t\t\t<li class=\"eltdf-bl-item eltdf-item-space\">\n\t<div class=\"eltdf-bli-inner\">\n        <div itemprop=\"dateCreated\" class=\"eltdf-post-info-date entry-date published updated\">\n            <a itemprop=\"url\" href=\"https:\/\/alparlukacsi.com\/hu\/2023\/04\/\">\n    \n        \u00e1prilis 1, 2023        <\/a>\n    <meta itemprop=\"interactionCount\" content=\"UserComments: 0\"\/>\n<\/div>\t\t\n\t<div class=\"eltdf-post-image\">\n\t\t\t\t\t<a itemprop=\"url\" href=\"https:\/\/alparlukacsi.com\/hu\/uj-ev-uj-celok\/\" title=\"\u00daj \u00e9v, \u00faj c\u00e9lok !\">\n\t\t            <img loading=\"lazy\" decoding=\"async\" width=\"1800\" height=\"1800\" src=\"https:\/\/alparlukacsi.com\/wp-content\/uploads\/2023\/04\/fotograf-nunta-targu-mures-romania-nunta-2023-2024_1.jpg\" class=\"attachment-full size-full wp-post-image\" alt=\"\" srcset=\"https:\/\/alparlukacsi.com\/wp-content\/uploads\/2023\/04\/fotograf-nunta-targu-mures-romania-nunta-2023-2024_1.jpg 1800w, https:\/\/alparlukacsi.com\/wp-content\/uploads\/2023\/04\/fotograf-nunta-targu-mures-romania-nunta-2023-2024_1-300x300.jpg 300w, https:\/\/alparlukacsi.com\/wp-content\/uploads\/2023\/04\/fotograf-nunta-targu-mures-romania-nunta-2023-2024_1-1024x1024.jpg 1024w, https:\/\/alparlukacsi.com\/wp-content\/uploads\/2023\/04\/fotograf-nunta-targu-mures-romania-nunta-2023-2024_1-150x150.jpg 150w, https:\/\/alparlukacsi.com\/wp-content\/uploads\/2023\/04\/fotograf-nunta-targu-mures-romania-nunta-2023-2024_1-768x768.jpg 768w, https:\/\/alparlukacsi.com\/wp-content\/uploads\/2023\/04\/fotograf-nunta-targu-mures-romania-nunta-2023-2024_1-1536x1536.jpg 1536w, https:\/\/alparlukacsi.com\/wp-content\/uploads\/2023\/04\/fotograf-nunta-targu-mures-romania-nunta-2023-2024_1-650x650.jpg 650w, https:\/\/alparlukacsi.com\/wp-content\/uploads\/2023\/04\/fotograf-nunta-targu-mures-romania-nunta-2023-2024_1-1300x1300.jpg 1300w\" sizes=\"auto, (max-width: 1800px) 100vw, 1800px\" \/>\t\t\t\t\t<\/a>\n\t\t\t\t\t<\/div>\n        <div class=\"eltdf-bli-content\">\n            \t\n\t        \n<h2 itemprop=\"name\" class=\"entry-title eltdf-post-title\" style=\"text-transform: uppercase\">\n            <a itemprop=\"url\" href=\"https:\/\/alparlukacsi.com\/hu\/uj-ev-uj-celok\/\" title=\"\u00daj \u00e9v, \u00faj c\u00e9lok !\">\n            \u00daj \u00e9v, \u00faj c\u00e9lok !            <\/a>\n    <\/h2>\t\n\t        <div class=\"eltdf-bli-excerpt\">\n\t\t        \t\t        \t<div class=\"eltdf-post-read-more-button\">\n\t\t<a itemprop=\"url\" href=\"https:\/\/alparlukacsi.com\/hu\/uj-ev-uj-celok\/\" target=\"_self\"  class=\"eltdf-btn eltdf-btn-medium eltdf-btn-simple eltdf-blog-list-button\" >    <span class=\"eltdf-btn-text\">To the story<\/span>        \t        <span class=\"eltdf-btn-line\"><\/span>\t<\/a>\t<\/div>\n\t        <\/div>\n        <\/div>\n\t<\/div>\n<\/li><li class=\"eltdf-bl-item eltdf-item-space\">\n\t<div class=\"eltdf-bli-inner\">\n        <div itemprop=\"dateCreated\" class=\"eltdf-post-info-date entry-date published updated\">\n            <a itemprop=\"url\" href=\"https:\/\/alparlukacsi.com\/hu\/2023\/04\/\">\n    \n        \u00e1prilis 7, 2023        <\/a>\n    <meta itemprop=\"interactionCount\" content=\"UserComments: 0\"\/>\n<\/div>\t\t\n\t<div class=\"eltdf-post-image\">\n\t\t\t\t\t<a itemprop=\"url\" href=\"https:\/\/alparlukacsi.com\/hu\/mit-csinalunk-mi-eskuvoi-fotosok-valojaban\/\" title=\"Mit csin\u00e1lunk mi, esk\u00fcv\u0151i fot\u00f3sok val\u00f3j\u00e1ban?\">\n\t\t            <img loading=\"lazy\" decoding=\"async\" width=\"683\" height=\"683\" src=\"https:\/\/alparlukacsi.com\/wp-content\/uploads\/2023\/04\/fotograf-nunta-romania-targu-mures-nunta-2024.jpg\" class=\"attachment-full size-full wp-post-image\" alt=\"\" srcset=\"https:\/\/alparlukacsi.com\/wp-content\/uploads\/2023\/04\/fotograf-nunta-romania-targu-mures-nunta-2024.jpg 683w, https:\/\/alparlukacsi.com\/wp-content\/uploads\/2023\/04\/fotograf-nunta-romania-targu-mures-nunta-2024-300x300.jpg 300w, https:\/\/alparlukacsi.com\/wp-content\/uploads\/2023\/04\/fotograf-nunta-romania-targu-mures-nunta-2024-150x150.jpg 150w, https:\/\/alparlukacsi.com\/wp-content\/uploads\/2023\/04\/fotograf-nunta-romania-targu-mures-nunta-2024-650x650.jpg 650w\" sizes=\"auto, (max-width: 683px) 100vw, 683px\" \/>\t\t\t\t\t<\/a>\n\t\t\t\t\t<\/div>\n        <div class=\"eltdf-bli-content\">\n            \t\n\t        \n<h2 itemprop=\"name\" class=\"entry-title eltdf-post-title\" style=\"text-transform: uppercase\">\n            <a itemprop=\"url\" href=\"https:\/\/alparlukacsi.com\/hu\/mit-csinalunk-mi-eskuvoi-fotosok-valojaban\/\" title=\"Mit csin\u00e1lunk mi, esk\u00fcv\u0151i fot\u00f3sok val\u00f3j\u00e1ban?\">\n            Mit csin\u00e1lunk mi, esk\u00fcv\u0151i fot\u00f3sok val\u00f3j\u00e1ban?            <\/a>\n    <\/h2>\t\n\t        <div class=\"eltdf-bli-excerpt\">\n\t\t        \t\t        \t<div class=\"eltdf-post-read-more-button\">\n\t\t<a itemprop=\"url\" href=\"https:\/\/alparlukacsi.com\/hu\/mit-csinalunk-mi-eskuvoi-fotosok-valojaban\/\" target=\"_self\"  class=\"eltdf-btn eltdf-btn-medium eltdf-btn-simple eltdf-blog-list-button\" >    <span class=\"eltdf-btn-text\">To the story<\/span>        \t        <span class=\"eltdf-btn-line\"><\/span>\t<\/a>\t<\/div>\n\t        <\/div>\n        <\/div>\n\t<\/div>\n<\/li><li class=\"eltdf-bl-item eltdf-item-space\">\n\t<div class=\"eltdf-bli-inner\">\n        <div itemprop=\"dateCreated\" class=\"eltdf-post-info-date entry-date published updated\">\n            <a itemprop=\"url\" href=\"https:\/\/alparlukacsi.com\/hu\/2023\/04\/\">\n    \n        \u00e1prilis 20, 2023        <\/a>\n    <meta itemprop=\"interactionCount\" content=\"UserComments: 0\"\/>\n<\/div>\t\t\n\t<div class=\"eltdf-post-image\">\n\t\t\t\t\t<a itemprop=\"url\" href=\"https:\/\/alparlukacsi.com\/hu\/7-ok-hogy-miert-erdemes-after-wedding-fotozast-kesziteni\/\" title=\"7 ok, ami\u00e9rt \u00e9rdemes After Wedding fot\u00f3z\u00e1st k\u00e9sz\u00edteni\">\n\t\t            <img loading=\"lazy\" decoding=\"async\" width=\"1800\" height=\"1800\" src=\"https:\/\/alparlukacsi.com\/wp-content\/uploads\/2023\/04\/after-wedding-photoshoot-alpar-lukacsi-fotograf-nunta-targu-mures-cluj-romania_1.jpg\" class=\"attachment-full size-full wp-post-image\" alt=\"\" srcset=\"https:\/\/alparlukacsi.com\/wp-content\/uploads\/2023\/04\/after-wedding-photoshoot-alpar-lukacsi-fotograf-nunta-targu-mures-cluj-romania_1.jpg 1800w, https:\/\/alparlukacsi.com\/wp-content\/uploads\/2023\/04\/after-wedding-photoshoot-alpar-lukacsi-fotograf-nunta-targu-mures-cluj-romania_1-300x300.jpg 300w, https:\/\/alparlukacsi.com\/wp-content\/uploads\/2023\/04\/after-wedding-photoshoot-alpar-lukacsi-fotograf-nunta-targu-mures-cluj-romania_1-1024x1024.jpg 1024w, https:\/\/alparlukacsi.com\/wp-content\/uploads\/2023\/04\/after-wedding-photoshoot-alpar-lukacsi-fotograf-nunta-targu-mures-cluj-romania_1-150x150.jpg 150w, https:\/\/alparlukacsi.com\/wp-content\/uploads\/2023\/04\/after-wedding-photoshoot-alpar-lukacsi-fotograf-nunta-targu-mures-cluj-romania_1-768x768.jpg 768w, https:\/\/alparlukacsi.com\/wp-content\/uploads\/2023\/04\/after-wedding-photoshoot-alpar-lukacsi-fotograf-nunta-targu-mures-cluj-romania_1-1536x1536.jpg 1536w, https:\/\/alparlukacsi.com\/wp-content\/uploads\/2023\/04\/after-wedding-photoshoot-alpar-lukacsi-fotograf-nunta-targu-mures-cluj-romania_1-650x650.jpg 650w, https:\/\/alparlukacsi.com\/wp-content\/uploads\/2023\/04\/after-wedding-photoshoot-alpar-lukacsi-fotograf-nunta-targu-mures-cluj-romania_1-1300x1300.jpg 1300w\" sizes=\"auto, (max-width: 1800px) 100vw, 1800px\" \/>\t\t\t\t\t<\/a>\n\t\t\t\t\t<\/div>\n        <div class=\"eltdf-bli-content\">\n            \t\n\t        \n<h2 itemprop=\"name\" class=\"entry-title eltdf-post-title\" style=\"text-transform: uppercase\">\n            <a itemprop=\"url\" href=\"https:\/\/alparlukacsi.com\/hu\/7-ok-hogy-miert-erdemes-after-wedding-fotozast-kesziteni\/\" title=\"7 ok, ami\u00e9rt \u00e9rdemes After Wedding fot\u00f3z\u00e1st k\u00e9sz\u00edteni\">\n            7 ok, ami\u00e9rt \u00e9rdemes After Wedding fot\u00f3z\u00e1st k\u00e9sz\u00edteni            <\/a>\n    <\/h2>\t\n\t        <div class=\"eltdf-bli-excerpt\">\n\t\t        \t\t        \t<div class=\"eltdf-post-read-more-button\">\n\t\t<a itemprop=\"url\" href=\"https:\/\/alparlukacsi.com\/hu\/7-ok-hogy-miert-erdemes-after-wedding-fotozast-kesziteni\/\" target=\"_self\"  class=\"eltdf-btn eltdf-btn-medium eltdf-btn-simple eltdf-blog-list-button\" >    <span class=\"eltdf-btn-text\">To the story<\/span>        \t        <span class=\"eltdf-btn-line\"><\/span>\t<\/a>\t<\/div>\n\t        <\/div>\n        <\/div>\n\t<\/div>\n<\/li><li class=\"eltdf-bl-item eltdf-item-space\">\n\t<div class=\"eltdf-bli-inner\">\n        <div itemprop=\"dateCreated\" class=\"eltdf-post-info-date entry-date published updated\">\n            <a itemprop=\"url\" href=\"https:\/\/alparlukacsi.com\/hu\/2024\/02\/\">\n    \n        febru\u00e1r 13, 2024        <\/a>\n    <meta itemprop=\"interactionCount\" content=\"UserComments: 0\"\/>\n<\/div>\t\t\n\t<div class=\"eltdf-post-image\">\n\t\t\t\t\t<a itemprop=\"url\" href=\"https:\/\/alparlukacsi.com\/hu\/7-taplalkozasi-tanacs-az-eskuvod-elott\/\" title=\"7 t\u00e1pl\u00e1lkoz\u00e1si tan\u00e1cs az esk\u00fcv\u0151d el\u0151tt\">\n\t\t            <img loading=\"lazy\" decoding=\"async\" width=\"500\" height=\"485\" src=\"https:\/\/alparlukacsi.com\/wp-content\/uploads\/2024\/02\/nutritional-tips-for-your-wedding-dietitian-udvari-izolda.jpeg\" class=\"attachment-full size-full wp-post-image\" alt=\"nutritionist-dietitian-tips-wedding-healthy-lifestyle\" srcset=\"https:\/\/alparlukacsi.com\/wp-content\/uploads\/2024\/02\/nutritional-tips-for-your-wedding-dietitian-udvari-izolda.jpeg 500w, https:\/\/alparlukacsi.com\/wp-content\/uploads\/2024\/02\/nutritional-tips-for-your-wedding-dietitian-udvari-izolda-300x291.jpeg 300w\" sizes=\"auto, (max-width: 500px) 100vw, 500px\" \/>\t\t\t\t\t<\/a>\n\t\t\t\t\t<\/div>\n        <div class=\"eltdf-bli-content\">\n            \t\n\t        \n<h2 itemprop=\"name\" class=\"entry-title eltdf-post-title\" style=\"text-transform: uppercase\">\n            <a itemprop=\"url\" href=\"https:\/\/alparlukacsi.com\/hu\/7-taplalkozasi-tanacs-az-eskuvod-elott\/\" title=\"7 t\u00e1pl\u00e1lkoz\u00e1si tan\u00e1cs az esk\u00fcv\u0151d el\u0151tt\">\n            7 t\u00e1pl\u00e1lkoz\u00e1si tan\u00e1cs az esk\u00fcv\u0151d el\u0151tt            <\/a>\n    <\/h2>\t\n\t        <div class=\"eltdf-bli-excerpt\">\n\t\t        \t\t        \t<div class=\"eltdf-post-read-more-button\">\n\t\t<a itemprop=\"url\" href=\"https:\/\/alparlukacsi.com\/hu\/7-taplalkozasi-tanacs-az-eskuvod-elott\/\" target=\"_self\"  class=\"eltdf-btn eltdf-btn-medium eltdf-btn-simple eltdf-blog-list-button\" >    <span class=\"eltdf-btn-text\">To the story<\/span>        \t        <span class=\"eltdf-btn-line\"><\/span>\t<\/a>\t<\/div>\n\t        <\/div>\n        <\/div>\n\t<\/div>\n<\/li><li class=\"eltdf-bl-item eltdf-item-space\">\n\t<div class=\"eltdf-bli-inner\">\n        <div itemprop=\"dateCreated\" class=\"eltdf-post-info-date entry-date published updated\">\n            <a itemprop=\"url\" href=\"https:\/\/alparlukacsi.com\/hu\/2024\/09\/\">\n    \n        szeptember 11, 2024        <\/a>\n    <meta itemprop=\"interactionCount\" content=\"UserComments: 0\"\/>\n<\/div>\t\t\n\t<div class=\"eltdf-post-image\">\n\t\t\t\t\t<a itemprop=\"url\" href=\"https:\/\/alparlukacsi.com\/hu\/micsoda-megtiszteltetes-zsuri-lehettem\/\" title=\"Micsoda megtiszteltet\u00e9s: zs\u0171ri lehettem!\">\n\t\t            <img loading=\"lazy\" decoding=\"async\" width=\"1080\" height=\"1080\" src=\"https:\/\/alparlukacsi.com\/wp-content\/uploads\/2024\/08\/fotograf-premiat-fearless-romania-cluj-mures-alpar-lukacsi-fotograf-nunta.jpeg\" class=\"attachment-full size-full wp-post-image\" alt=\"\" srcset=\"https:\/\/alparlukacsi.com\/wp-content\/uploads\/2024\/08\/fotograf-premiat-fearless-romania-cluj-mures-alpar-lukacsi-fotograf-nunta.jpeg 1080w, https:\/\/alparlukacsi.com\/wp-content\/uploads\/2024\/08\/fotograf-premiat-fearless-romania-cluj-mures-alpar-lukacsi-fotograf-nunta-300x300.jpeg 300w, https:\/\/alparlukacsi.com\/wp-content\/uploads\/2024\/08\/fotograf-premiat-fearless-romania-cluj-mures-alpar-lukacsi-fotograf-nunta-1024x1024.jpeg 1024w, https:\/\/alparlukacsi.com\/wp-content\/uploads\/2024\/08\/fotograf-premiat-fearless-romania-cluj-mures-alpar-lukacsi-fotograf-nunta-150x150.jpeg 150w, https:\/\/alparlukacsi.com\/wp-content\/uploads\/2024\/08\/fotograf-premiat-fearless-romania-cluj-mures-alpar-lukacsi-fotograf-nunta-768x768.jpeg 768w, https:\/\/alparlukacsi.com\/wp-content\/uploads\/2024\/08\/fotograf-premiat-fearless-romania-cluj-mures-alpar-lukacsi-fotograf-nunta-650x650.jpeg 650w\" sizes=\"auto, (max-width: 1080px) 100vw, 1080px\" \/>\t\t\t\t\t<\/a>\n\t\t\t\t\t<\/div>\n        <div class=\"eltdf-bli-content\">\n            \t\n\t        \n<h2 itemprop=\"name\" class=\"entry-title eltdf-post-title\" style=\"text-transform: uppercase\">\n            <a itemprop=\"url\" href=\"https:\/\/alparlukacsi.com\/hu\/micsoda-megtiszteltetes-zsuri-lehettem\/\" title=\"Micsoda megtiszteltet\u00e9s: zs\u0171ri lehettem!\">\n            Micsoda megtiszteltet\u00e9s: zs\u0171ri lehettem!            <\/a>\n    <\/h2>\t\n\t        <div class=\"eltdf-bli-excerpt\">\n\t\t        \t\t        \t<div class=\"eltdf-post-read-more-button\">\n\t\t<a itemprop=\"url\" href=\"https:\/\/alparlukacsi.com\/hu\/micsoda-megtiszteltetes-zsuri-lehettem\/\" target=\"_self\"  class=\"eltdf-btn eltdf-btn-medium eltdf-btn-simple eltdf-blog-list-button\" >    <span class=\"eltdf-btn-text\">To the story<\/span>        \t        <span class=\"eltdf-btn-line\"><\/span>\t<\/a>\t<\/div>\n\t        <\/div>\n        <\/div>\n\t<\/div>\n<\/li><li class=\"eltdf-bl-item eltdf-item-space\">\n\t<div class=\"eltdf-bli-inner\">\n        <div itemprop=\"dateCreated\" class=\"eltdf-post-info-date entry-date published updated\">\n            <a itemprop=\"url\" href=\"https:\/\/alparlukacsi.com\/hu\/2025\/01\/\">\n    \n        janu\u00e1r 30, 2025        <\/a>\n    <meta itemprop=\"interactionCount\" content=\"UserComments: 0\"\/>\n<\/div>\t\t\n\t<div class=\"eltdf-post-image\">\n\t\t\t\t\t<a itemprop=\"url\" href=\"https:\/\/alparlukacsi.com\/hu\/a-legfontosabb-eskuvoi-fotok\/\" title=\"A legfontosabb esk\u00fcv\u0151i fot\u00f3k\">\n\t\t            <img loading=\"lazy\" decoding=\"async\" width=\"1920\" height=\"1483\" src=\"https:\/\/alparlukacsi.com\/wp-content\/uploads\/2024\/09\/msot-important-wedding-photos-alpar-lukacsi-website-article-for-clients.jpg\" class=\"attachment-full size-full wp-post-image\" alt=\"\" srcset=\"https:\/\/alparlukacsi.com\/wp-content\/uploads\/2024\/09\/msot-important-wedding-photos-alpar-lukacsi-website-article-for-clients.jpg 1920w, https:\/\/alparlukacsi.com\/wp-content\/uploads\/2024\/09\/msot-important-wedding-photos-alpar-lukacsi-website-article-for-clients-300x232.jpg 300w, https:\/\/alparlukacsi.com\/wp-content\/uploads\/2024\/09\/msot-important-wedding-photos-alpar-lukacsi-website-article-for-clients-1024x791.jpg 1024w, https:\/\/alparlukacsi.com\/wp-content\/uploads\/2024\/09\/msot-important-wedding-photos-alpar-lukacsi-website-article-for-clients-768x593.jpg 768w, https:\/\/alparlukacsi.com\/wp-content\/uploads\/2024\/09\/msot-important-wedding-photos-alpar-lukacsi-website-article-for-clients-1536x1186.jpg 1536w\" sizes=\"auto, (max-width: 1920px) 100vw, 1920px\" \/>\t\t\t\t\t<\/a>\n\t\t\t\t\t<\/div>\n        <div class=\"eltdf-bli-content\">\n            \t\n\t        \n<h2 itemprop=\"name\" class=\"entry-title eltdf-post-title\" style=\"text-transform: uppercase\">\n            <a itemprop=\"url\" href=\"https:\/\/alparlukacsi.com\/hu\/a-legfontosabb-eskuvoi-fotok\/\" title=\"A legfontosabb esk\u00fcv\u0151i fot\u00f3k\">\n            A legfontosabb esk\u00fcv\u0151i fot\u00f3k            <\/a>\n    <\/h2>\t\n\t        <div class=\"eltdf-bli-excerpt\">\n\t\t        \t\t        \t<div class=\"eltdf-post-read-more-button\">\n\t\t<a itemprop=\"url\" href=\"https:\/\/alparlukacsi.com\/hu\/a-legfontosabb-eskuvoi-fotok\/\" target=\"_self\"  class=\"eltdf-btn eltdf-btn-medium eltdf-btn-simple eltdf-blog-list-button\" >    <span class=\"eltdf-btn-text\">To the story<\/span>        \t        <span class=\"eltdf-btn-line\"><\/span>\t<\/a>\t<\/div>\n\t        <\/div>\n        <\/div>\n\t<\/div>\n<\/li>\t\t<\/ul>\n\t<\/div>\n\t<\/div>[\/vc_column][\/vc_row]<\/p>\n","protected":false},"excerpt":{"rendered":"<p>[vc_row][vc_column][\/vc_column][\/vc_row]<\/p>\n","protected":false},"author":1,"featured_media":0,"parent":0,"menu_order":0,"comment_status":"closed","ping_status":"closed","template":"","meta":{"footnotes":""},"class_list":["post-11127","page","type-page","status-publish","hentry"],"yoast_head":"<!-- This site is optimized with the Yoast SEO plugin v24.2 - https:\/\/yoast.com\/wordpress\/plugins\/seo\/ -->\n<title>T\u00d6RT\u00c9NETEK - Alpar Lukacsi<\/title>\n<meta name=\"robots\" content=\"index, follow, max-snippet:-1, max-image-preview:large, max-video-preview:-1\" \/>\n<link rel=\"canonical\" href=\"https:\/\/alparlukacsi.com\/stories\/\" \/>\n<meta property=\"og:locale\" content=\"hu_HU\" \/>\n<meta property=\"og:type\" content=\"article\" \/>\n<meta property=\"og:title\" content=\"T\u00d6RT\u00c9NETEK - Alpar Lukacsi\" \/>\n<meta property=\"og:description\" content=\"[vc_row][vc_column][\/vc_column][\/vc_row]\" \/>\n<meta property=\"og:url\" content=\"https:\/\/alparlukacsi.com\/stories\/\" \/>\n<meta property=\"og:site_name\" content=\"Alpar Lukacsi\" \/>\n<meta property=\"article:modified_time\" content=\"2023-04-01T11:18:29+00:00\" \/>\n<meta name=\"twitter:card\" content=\"summary_large_image\" \/>\n<script type=\"application\/ld+json\" class=\"yoast-schema-graph\">{\"@context\":\"https:\/\/schema.org\",\"@graph\":[{\"@type\":\"WebPage\",\"@id\":\"https:\/\/alparlukacsi.com\/stories\/\",\"url\":\"https:\/\/alparlukacsi.com\/stories\/\",\"name\":\"T\u00d6RT\u00c9NETEK - Alpar Lukacsi\",\"isPartOf\":{\"@id\":\"https:\/\/alparlukacsi.com\/#website\"},\"datePublished\":\"2023-04-01T11:18:28+00:00\",\"dateModified\":\"2023-04-01T11:18:29+00:00\",\"breadcrumb\":{\"@id\":\"https:\/\/alparlukacsi.com\/stories\/#breadcrumb\"},\"inLanguage\":\"hu\",\"potentialAction\":[{\"@type\":\"ReadAction\",\"target\":[\"https:\/\/alparlukacsi.com\/stories\/\"]}]},{\"@type\":\"BreadcrumbList\",\"@id\":\"https:\/\/alparlukacsi.com\/stories\/#breadcrumb\",\"itemListElement\":[{\"@type\":\"ListItem\",\"position\":1,\"name\":\"Home\",\"item\":\"https:\/\/alparlukacsi.com\/\"},{\"@type\":\"ListItem\",\"position\":2,\"name\":\"T\u00d6RT\u00c9NETEK\"}]},{\"@type\":\"WebSite\",\"@id\":\"https:\/\/alparlukacsi.com\/#website\",\"url\":\"https:\/\/alparlukacsi.com\/\",\"name\":\"Alpar Lukacsi\",\"description\":\"IT\u2019S ALL ABOUT MOMENTS\",\"potentialAction\":[{\"@type\":\"SearchAction\",\"target\":{\"@type\":\"EntryPoint\",\"urlTemplate\":\"https:\/\/alparlukacsi.com\/?s={search_term_string}\"},\"query-input\":{\"@type\":\"PropertyValueSpecification\",\"valueRequired\":true,\"valueName\":\"search_term_string\"}}],\"inLanguage\":\"hu\"}]}<\/script>\n<!-- \/ Yoast SEO plugin. -->","yoast_head_json":{"title":"T\u00d6RT\u00c9NETEK - Alpar Lukacsi","robots":{"index":"index","follow":"follow","max-snippet":"max-snippet:-1","max-image-preview":"max-image-preview:large","max-video-preview":"max-video-preview:-1"},"canonical":"https:\/\/alparlukacsi.com\/stories\/","og_locale":"hu_HU","og_type":"article","og_title":"T\u00d6RT\u00c9NETEK - Alpar Lukacsi","og_description":"[vc_row][vc_column][\/vc_column][\/vc_row]","og_url":"https:\/\/alparlukacsi.com\/stories\/","og_site_name":"Alpar Lukacsi","article_modified_time":"2023-04-01T11:18:29+00:00","twitter_card":"summary_large_image","schema":{"@context":"https:\/\/schema.org","@graph":[{"@type":"WebPage","@id":"https:\/\/alparlukacsi.com\/stories\/","url":"https:\/\/alparlukacsi.com\/stories\/","name":"T\u00d6RT\u00c9NETEK - Alpar Lukacsi","isPartOf":{"@id":"https:\/\/alparlukacsi.com\/#website"},"datePublished":"2023-04-01T11:18:28+00:00","dateModified":"2023-04-01T11:18:29+00:00","breadcrumb":{"@id":"https:\/\/alparlukacsi.com\/stories\/#breadcrumb"},"inLanguage":"hu","potentialAction":[{"@type":"ReadAction","target":["https:\/\/alparlukacsi.com\/stories\/"]}]},{"@type":"BreadcrumbList","@id":"https:\/\/alparlukacsi.com\/stories\/#breadcrumb","itemListElement":[{"@type":"ListItem","position":1,"name":"Home","item":"https:\/\/alparlukacsi.com\/"},{"@type":"ListItem","position":2,"name":"T\u00d6RT\u00c9NETEK"}]},{"@type":"WebSite","@id":"https:\/\/alparlukacsi.com\/#website","url":"https:\/\/alparlukacsi.com\/","name":"Alpar Lukacsi","description":"IT\u2019S ALL ABOUT MOMENTS","potentialAction":[{"@type":"SearchAction","target":{"@type":"EntryPoint","urlTemplate":"https:\/\/alparlukacsi.com\/?s={search_term_string}"},"query-input":{"@type":"PropertyValueSpecification","valueRequired":true,"valueName":"search_term_string"}}],"inLanguage":"hu"}]}},"_links":{"self":[{"href":"https:\/\/alparlukacsi.com\/hu\/wp-json\/wp\/v2\/pages\/11127","targetHints":{"allow":["GET"]}}],"collection":[{"href":"https:\/\/alparlukacsi.com\/hu\/wp-json\/wp\/v2\/pages"}],"about":[{"href":"https:\/\/alparlukacsi.com\/hu\/wp-json\/wp\/v2\/types\/page"}],"author":[{"embeddable":true,"href":"https:\/\/alparlukacsi.com\/hu\/wp-json\/wp\/v2\/users\/1"}],"replies":[{"embeddable":true,"href":"https:\/\/alparlukacsi.com\/hu\/wp-json\/wp\/v2\/comments?post=11127"}],"version-history":[{"count":1,"href":"https:\/\/alparlukacsi.com\/hu\/wp-json\/wp\/v2\/pages\/11127\/revisions"}],"predecessor-version":[{"id":11128,"href":"https:\/\/alparlukacsi.com\/hu\/wp-json\/wp\/v2\/pages\/11127\/revisions\/11128"}],"wp:attachment":[{"href":"https:\/\/alparlukacsi.com\/hu\/wp-json\/wp\/v2\/media?parent=11127"}],"curies":[{"name":"wp","href":"https:\/\/api.w.org\/{rel}","templated":true}]}}