{"id":11100,"date":"2023-04-01T12:57:47","date_gmt":"2023-04-01T10:57:47","guid":{"rendered":"https:\/\/alparlukacsi.com\/minden-az-elkapott-pillanatokrol-szol\/"},"modified":"2023-04-01T13:06:39","modified_gmt":"2023-04-01T11:06:39","slug":"minden-az-elkapott-pillanatokrol-szol","status":"publish","type":"page","link":"https:\/\/alparlukacsi.com\/hu\/minden-az-elkapott-pillanatokrol-szol\/","title":{"rendered":"MINDEN A PILLANATOKR\u00d3L SZ\u00d3L"},"content":{"rendered":"<p>[vc_row row_content_width=&#8221;grid&#8221; content_text_aligment=&#8221;left&#8221; css=&#8221;.vc_custom_1583163581687{padding-top: 45px !important;padding-bottom: 45px !important;}&#8221;][vc_column][vc_column_text]<br \/>\nBar\u00e1ts\u00e1gos, vicces, energikus \u00e9s figyelmes. Ez az a 4 tulajdons\u00e1g ami jellemez a legjobban, amit mindenki l\u00e1that rajtam az esem\u00e9nyeken. Az els\u0151 f\u00e9nyk\u00e9pez\u0151g\u00e9pemet 2011-ben, k\u00f6z\u00e9piskolai \u00e9retts\u00e9gi ut\u00e1n vettem meg, \u00e9s a fot\u00f3z\u00e1s hamarosan a hobbiim k\u00f6z\u00e9 tartozott. Kezdetben kisebb esem\u00e9nyeket fot\u00f3ztam, de amikor egy esk\u00fcv\u0151i szolg\u00e1ltat\u00f3 c\u00e9gn\u00e9l dolgoztam, \u00e1t\u00e9lhettem az esk\u00fcv\u0151k csod\u00e1latos hangulat\u00e1t is.<\/p>\n<p>\u00cdgy 2015-ben v\u00e9g\u00fcl elhat\u00e1roztam: esem\u00e9nyfot\u00f3s leszek!<\/p>\n<p>Az\u00f3ta ez a munk\u00e1m. Minden esem\u00e9nyre energi\u00e1val tele \u00e9s pozit\u00edv hozz\u00e1\u00e1ll\u00e1ssal \u00e9rkezem. H\u00e1l\u00e1s vagyok, hogy a hobbim a munk\u00e1m is, s\u0151t, egy \u00e9letst\u00edlus. A nagyap\u00e1m p\u00e9ld\u00e1j\u00e1t k\u00f6vetve megtanultam szeretni, \u00e9rt\u00e9kelni ezt a munk\u00e1t, \u00e9s pozit\u00edv hozz\u00e1\u00e1ll\u00e1ssal \u00e9s energi\u00e1val v\u00e9gezni. Minden egyes pillanatban minden esem\u00e9nyen keresem a k\u00fcl\u00f6nleges pillanatokat, \u00e9rzelmeket, nevet\u00e9seket, k\u00f6nnyeket, \u00f6lel\u00e9seket, mert minden esem\u00e9ny m\u00e1s \u00e9s m\u00e1s, de csod\u00e1latos a saj\u00e1t egyedis\u00e9ge miatt, a f\u0151szerepl\u0151k miatt. Mindent megteszek az\u00e9rt, hogy megismerjem az esem\u00e9ny f\u0151szerepl\u0151it, bar\u00e1taikat \u00e9s csal\u00e1dtagjaikat, hogy r\u00e9szt vegyek az esem\u00e9nyben, \u00e9s elker\u00fcljem az olyan mondatokat, mint &#8222;Figyelj, itt a fot\u00f3s!&#8221; \u00e9s ink\u00e1bb olyanokat hozzak l\u00e9tre, mint &#8222;Wow, n\u00e9zd csak, \u00e9szre sem vettem, de sz\u00e9p k\u00e9peket k\u00e9sz\u00edtett r\u00f3lunk!&#8221;.<\/p>\n<p>Erd\u00e9lyben, Rom\u00e1ni\u00e1ban \u00e9lek, pontosabban Marosv\u00e1s\u00e1rhelyen , de nyitott vagyok arra, hogy b\u00e1rhova utazzak fot\u00f3zni, mert m\u00e1sik hobbim az utaz\u00e1s. H\u00e1l\u00e1s vagyok az\u00e9rt is, hogy a fot\u00f3z\u00e1s lehet\u0151s\u00e9get adott arra, hogy sok helyet, v\u00e1rost \u00e9s ak\u00e1r orsz\u00e1got is l\u00e1togathassak!<br \/>\n[\/vc_column_text][\/vc_column][\/vc_row][vc_row row_content_width=&#8221;grid&#8221; css=&#8221;.vc_custom_1555413785226{padding-top: 120px !important;padding-bottom: 130px !important;}&#8221; simple_background_color=&#8221;#f2e8dc&#8221;][vc_column]<div class=\"eltdf-testimonials-holder clearfix eltdf-testimonials-standard   eltdf-navigation-numbers\">\n    <div class=\"eltdf-testimonial-mark\" >\u201d<\/div>\n    <div class=\"eltdf-testimonials eltdf-owl-slider\" data-number-of-items=\"1\" data-enable-loop=\"yes\" data-enable-autoplay=\"yes\" data-slider-speed=\"5000\" data-slider-speed-animation=\"600\" data-enable-navigation=\"yes\" data-enable-pagination=\"yes\" >\n\n    \n            <div class=\"eltdf-testimonial-content\" id=\"eltdf-testimonials-8334\">\n                <div class=\"eltdf-testimonial-text-holder\">\n                                                                <p class=\"eltdf-testimonial-text\" style=\"padding: 0 19%\">Csodanap! Csodaesk\u00fcv\u0151! A t\u00f6k\u00e9letes esk\u00fcv\u0151 receptje hogy a megfelel\u0151 emberek \u00e1lljanak melletted. Igaz ez a p\u00e1rodra, akivel az esk\u00fcv\u0151 napj\u00e1n felszabadultan \u00e9rezheted magad. Igaz ez a csal\u00e1dtagokra, akik \u00fagy tudnak seg\u00edteni \u00e9s tan\u00e1csokat adni, hogy k\u00f6zben tiszteletben tartj\u00e1k az elk\u00e9pzel\u00e9seidet. \u00c9s igaz ez a fot\u00f3sra! Sz\u00e1munkra a fot\u00f3s kiv\u00e1laszt\u00e1s\u00e1ban az volt a legfontosabb szempont, hogy az esem\u00e9nyeket \u00fagy \u00f6r\u00f6k\u00edtse meg, ahogy azok t\u00f6rt\u00e9ntek! Alp\u00e1r \u00fagy hozta a kreat\u00edv \u00f6tleteit, hogy k\u00f6zben tiszteletben tartotta a mi elk\u00e9pzel\u00e9seinket! Nem valami m\u0171term\u00e9ket szerett\u00fcnk volna visszan\u00e9zni az \u00e9vek m\u00falt\u00e1val, hanem a csillog\u00e1st a szemekben, a szerelmet, az \u00f6r\u00f6m\u00f6t, a vicces pillanatokat \u00e9s a bakikat. \u00c9s sz\u00e1munkra \u00edgy lett t\u00f6k\u00e9letes! Alp\u00e1r nagyon sokf\u00e9le \u00e9rzelmet \u00f6r\u00f6k\u00edtett meg nek\u00fcnk a k\u00e9peken, ami\u00e9rt h\u00e1l\u00e1sak vagyunk! Rugalmass\u00e1g, kreat\u00edvit\u00e1s, professzionalizmus - mi ezt mind megkaptuk! M\u00e8g egyszer k\u00f6sz\u00f6nj\u00fck, Alp\u00e1r! <\/p>\n                                                                <h6 class=\"eltdf-testimonial-author\">\n                            <span class=\"eltdf-testimonials-author-name\">Bea &amp; L\u00f3ri<\/span>\n                                                    <\/h6>\n                                    <\/div>\n            <\/div>\n\n    \n            <div class=\"eltdf-testimonial-content\" id=\"eltdf-testimonials-8332\">\n                <div class=\"eltdf-testimonial-text-holder\">\n                                                                <p class=\"eltdf-testimonial-text\" style=\"padding: 0 19%\">Egy fot\u00f3s aki igaz\u00e1n szereti amit csin\u00e1l, ez\u00e9rt is nagyon profi m\u00f3don v\u00e9gzi a munk\u00e1j\u00e1t. Nagyon figyelmes minden mozdulatra \u00e9s olyan pillanatokat \u00f6r\u00f6k\u00edt meg amikre nem mindenki k\u00e9pes! Nagyon k\u00f6z\u00f6ns\u00e9ges szem\u00e9ly, akivel mindenki nagyon nyitottan tud kommunik\u00e1lni \u00e9s a maximumot hozza ki egy szem\u00e9lyb\u0151l vagy egy csoportb\u00f3l hogy a fot\u00f3 j\u00f3l siker\u00fclj\u00f6n! Mindig \u0151szinte mosolyt csal az emberek arc\u00e1ra, nagyon pozit\u00edv \u00e9s j\u00f3 kedv\u0171, amit k\u00f6nnyen \u00e1tsug\u00e1roz m\u00e1sokra is! Mindene megvan ahhoz hogy egy k\u00e9p besz\u00e9lni tudjon! K\u00f6sz\u00f6nj\u00fck, hogy a fot\u00f3sunk volt\u00e1l a legfontosabb napon sz\u00e1munkra!<\/p>\n                                                                <h6 class=\"eltdf-testimonial-author\">\n                            <span class=\"eltdf-testimonials-author-name\">Andrea &amp; Tam\u00e1s<\/span>\n                                                    <\/h6>\n                                    <\/div>\n            <\/div>\n\n    \n    <\/div>\n<\/div>[\/vc_column][\/vc_row]<\/p>\n","protected":false},"excerpt":{"rendered":"<p>[vc_row row_content_width=&#8221;grid&#8221; content_text_aligment=&#8221;left&#8221; css=&#8221;.vc_custom_1583163581687{padding-top: 45px !important;padding-bottom: 45px !important;}&#8221;][vc_column][vc_column_text] Bar\u00e1ts\u00e1gos, vicces, energikus \u00e9s figyelmes. Ez az a 4 tulajdons\u00e1g ami jellemez a legjobban, amit mindenki l\u00e1that rajtam az esem\u00e9nyeken. Az els\u0151 f\u00e9nyk\u00e9pez\u0151g\u00e9pemet 2011-ben, k\u00f6z\u00e9piskolai \u00e9retts\u00e9gi ut\u00e1n vettem meg, \u00e9s a fot\u00f3z\u00e1s hamarosan a hobbiim k\u00f6z\u00e9 tartozott. Kezdetben kisebb esem\u00e9nyeket fot\u00f3ztam, de amikor egy esk\u00fcv\u0151i szolg\u00e1ltat\u00f3 c\u00e9gn\u00e9l dolgoztam, \u00e1t\u00e9lhettem az esk\u00fcv\u0151k csod\u00e1latos hangulat\u00e1t is. \u00cdgy 2015-ben v\u00e9g\u00fcl [&hellip;]<\/p>\n","protected":false},"author":1,"featured_media":0,"parent":0,"menu_order":0,"comment_status":"closed","ping_status":"closed","template":"full-width.php","meta":{"footnotes":""},"class_list":["post-11100","page","type-page","status-publish","hentry"],"yoast_head":"<!-- This site is optimized with the Yoast SEO plugin v24.2 - https:\/\/yoast.com\/wordpress\/plugins\/seo\/ -->\n<title>MINDEN A PILLANATOKR\u00d3L SZ\u00d3L - Alpar Lukacsi<\/title>\n<meta name=\"robots\" content=\"index, follow, max-snippet:-1, max-image-preview:large, max-video-preview:-1\" \/>\n<link rel=\"canonical\" href=\"https:\/\/alparlukacsi.com\/about-me\/\" \/>\n<meta property=\"og:locale\" content=\"hu_HU\" \/>\n<meta property=\"og:type\" content=\"article\" \/>\n<meta property=\"og:title\" content=\"MINDEN A PILLANATOKR\u00d3L SZ\u00d3L - Alpar Lukacsi\" \/>\n<meta property=\"og:description\" content=\"[vc_row row_content_width=&#8221;grid&#8221; content_text_aligment=&#8221;left&#8221; css=&#8221;.vc_custom_1583163581687{padding-top: 45px !important;padding-bottom: 45px !important;}&#8221;][vc_column][vc_column_text] Bar\u00e1ts\u00e1gos, vicces, energikus \u00e9s figyelmes. Ez az a 4 tulajdons\u00e1g ami jellemez a legjobban, amit mindenki l\u00e1that rajtam az esem\u00e9nyeken. Az els\u0151 f\u00e9nyk\u00e9pez\u0151g\u00e9pemet 2011-ben, k\u00f6z\u00e9piskolai \u00e9retts\u00e9gi ut\u00e1n vettem meg, \u00e9s a fot\u00f3z\u00e1s hamarosan a hobbiim k\u00f6z\u00e9 tartozott. Kezdetben kisebb esem\u00e9nyeket fot\u00f3ztam, de amikor egy esk\u00fcv\u0151i szolg\u00e1ltat\u00f3 c\u00e9gn\u00e9l dolgoztam, \u00e1t\u00e9lhettem az esk\u00fcv\u0151k csod\u00e1latos hangulat\u00e1t is. \u00cdgy 2015-ben v\u00e9g\u00fcl [&hellip;]\" \/>\n<meta property=\"og:url\" content=\"https:\/\/alparlukacsi.com\/about-me\/\" \/>\n<meta property=\"og:site_name\" content=\"Alpar Lukacsi\" \/>\n<meta property=\"article:modified_time\" content=\"2023-04-01T11:06:39+00:00\" \/>\n<meta name=\"twitter:card\" content=\"summary_large_image\" \/>\n<meta name=\"twitter:label1\" content=\"Becs\u00fclt olvas\u00e1si id\u0151\" \/>\n\t<meta name=\"twitter:data1\" content=\"2 perc\" \/>\n<script type=\"application\/ld+json\" class=\"yoast-schema-graph\">{\"@context\":\"https:\/\/schema.org\",\"@graph\":[{\"@type\":\"WebPage\",\"@id\":\"https:\/\/alparlukacsi.com\/about-me\/\",\"url\":\"https:\/\/alparlukacsi.com\/about-me\/\",\"name\":\"MINDEN A PILLANATOKR\u00d3L SZ\u00d3L - Alpar Lukacsi\",\"isPartOf\":{\"@id\":\"https:\/\/alparlukacsi.com\/#website\"},\"datePublished\":\"2023-04-01T10:57:47+00:00\",\"dateModified\":\"2023-04-01T11:06:39+00:00\",\"breadcrumb\":{\"@id\":\"https:\/\/alparlukacsi.com\/about-me\/#breadcrumb\"},\"inLanguage\":\"hu\",\"potentialAction\":[{\"@type\":\"ReadAction\",\"target\":[\"https:\/\/alparlukacsi.com\/about-me\/\"]}]},{\"@type\":\"BreadcrumbList\",\"@id\":\"https:\/\/alparlukacsi.com\/about-me\/#breadcrumb\",\"itemListElement\":[{\"@type\":\"ListItem\",\"position\":1,\"name\":\"Home\",\"item\":\"https:\/\/alparlukacsi.com\/\"},{\"@type\":\"ListItem\",\"position\":2,\"name\":\"MINDEN A PILLANATOKR\u00d3L SZ\u00d3L\"}]},{\"@type\":\"WebSite\",\"@id\":\"https:\/\/alparlukacsi.com\/#website\",\"url\":\"https:\/\/alparlukacsi.com\/\",\"name\":\"Alpar Lukacsi\",\"description\":\"IT\u2019S ALL ABOUT MOMENTS\",\"potentialAction\":[{\"@type\":\"SearchAction\",\"target\":{\"@type\":\"EntryPoint\",\"urlTemplate\":\"https:\/\/alparlukacsi.com\/?s={search_term_string}\"},\"query-input\":{\"@type\":\"PropertyValueSpecification\",\"valueRequired\":true,\"valueName\":\"search_term_string\"}}],\"inLanguage\":\"hu\"}]}<\/script>\n<!-- \/ Yoast SEO plugin. -->","yoast_head_json":{"title":"MINDEN A PILLANATOKR\u00d3L SZ\u00d3L - Alpar Lukacsi","robots":{"index":"index","follow":"follow","max-snippet":"max-snippet:-1","max-image-preview":"max-image-preview:large","max-video-preview":"max-video-preview:-1"},"canonical":"https:\/\/alparlukacsi.com\/about-me\/","og_locale":"hu_HU","og_type":"article","og_title":"MINDEN A PILLANATOKR\u00d3L SZ\u00d3L - Alpar Lukacsi","og_description":"[vc_row row_content_width=&#8221;grid&#8221; content_text_aligment=&#8221;left&#8221; css=&#8221;.vc_custom_1583163581687{padding-top: 45px !important;padding-bottom: 45px !important;}&#8221;][vc_column][vc_column_text] Bar\u00e1ts\u00e1gos, vicces, energikus \u00e9s figyelmes. Ez az a 4 tulajdons\u00e1g ami jellemez a legjobban, amit mindenki l\u00e1that rajtam az esem\u00e9nyeken. Az els\u0151 f\u00e9nyk\u00e9pez\u0151g\u00e9pemet 2011-ben, k\u00f6z\u00e9piskolai \u00e9retts\u00e9gi ut\u00e1n vettem meg, \u00e9s a fot\u00f3z\u00e1s hamarosan a hobbiim k\u00f6z\u00e9 tartozott. Kezdetben kisebb esem\u00e9nyeket fot\u00f3ztam, de amikor egy esk\u00fcv\u0151i szolg\u00e1ltat\u00f3 c\u00e9gn\u00e9l dolgoztam, \u00e1t\u00e9lhettem az esk\u00fcv\u0151k csod\u00e1latos hangulat\u00e1t is. \u00cdgy 2015-ben v\u00e9g\u00fcl [&hellip;]","og_url":"https:\/\/alparlukacsi.com\/about-me\/","og_site_name":"Alpar Lukacsi","article_modified_time":"2023-04-01T11:06:39+00:00","twitter_card":"summary_large_image","twitter_misc":{"Becs\u00fclt olvas\u00e1si id\u0151":"2 perc"},"schema":{"@context":"https:\/\/schema.org","@graph":[{"@type":"WebPage","@id":"https:\/\/alparlukacsi.com\/about-me\/","url":"https:\/\/alparlukacsi.com\/about-me\/","name":"MINDEN A PILLANATOKR\u00d3L SZ\u00d3L - Alpar Lukacsi","isPartOf":{"@id":"https:\/\/alparlukacsi.com\/#website"},"datePublished":"2023-04-01T10:57:47+00:00","dateModified":"2023-04-01T11:06:39+00:00","breadcrumb":{"@id":"https:\/\/alparlukacsi.com\/about-me\/#breadcrumb"},"inLanguage":"hu","potentialAction":[{"@type":"ReadAction","target":["https:\/\/alparlukacsi.com\/about-me\/"]}]},{"@type":"BreadcrumbList","@id":"https:\/\/alparlukacsi.com\/about-me\/#breadcrumb","itemListElement":[{"@type":"ListItem","position":1,"name":"Home","item":"https:\/\/alparlukacsi.com\/"},{"@type":"ListItem","position":2,"name":"MINDEN A PILLANATOKR\u00d3L SZ\u00d3L"}]},{"@type":"WebSite","@id":"https:\/\/alparlukacsi.com\/#website","url":"https:\/\/alparlukacsi.com\/","name":"Alpar Lukacsi","description":"IT\u2019S ALL ABOUT MOMENTS","potentialAction":[{"@type":"SearchAction","target":{"@type":"EntryPoint","urlTemplate":"https:\/\/alparlukacsi.com\/?s={search_term_string}"},"query-input":{"@type":"PropertyValueSpecification","valueRequired":true,"valueName":"search_term_string"}}],"inLanguage":"hu"}]}},"_links":{"self":[{"href":"https:\/\/alparlukacsi.com\/hu\/wp-json\/wp\/v2\/pages\/11100","targetHints":{"allow":["GET"]}}],"collection":[{"href":"https:\/\/alparlukacsi.com\/hu\/wp-json\/wp\/v2\/pages"}],"about":[{"href":"https:\/\/alparlukacsi.com\/hu\/wp-json\/wp\/v2\/types\/page"}],"author":[{"embeddable":true,"href":"https:\/\/alparlukacsi.com\/hu\/wp-json\/wp\/v2\/users\/1"}],"replies":[{"embeddable":true,"href":"https:\/\/alparlukacsi.com\/hu\/wp-json\/wp\/v2\/comments?post=11100"}],"version-history":[{"count":5,"href":"https:\/\/alparlukacsi.com\/hu\/wp-json\/wp\/v2\/pages\/11100\/revisions"}],"predecessor-version":[{"id":11106,"href":"https:\/\/alparlukacsi.com\/hu\/wp-json\/wp\/v2\/pages\/11100\/revisions\/11106"}],"wp:attachment":[{"href":"https:\/\/alparlukacsi.com\/hu\/wp-json\/wp\/v2\/media?parent=11100"}],"curies":[{"name":"wp","href":"https:\/\/api.w.org\/{rel}","templated":true}]}}